{"id":566,"date":"2024-06-28T15:35:24","date_gmt":"2024-06-28T14:35:24","guid":{"rendered":"https:\/\/antique-japan.com\/?post_type=product&#038;p=566"},"modified":"2026-03-12T10:08:23","modified_gmt":"2026-03-12T09:08:23","slug":"chawan-smaltato-nero","status":"publish","type":"product","link":"https:\/\/antique-japan.com\/it\/shop\/pottery\/glazed\/black-glazed-chawan\/","title":{"rendered":"Chawan smaltato nero"},"content":{"rendered":"<p>Chawan smaltato nero con bordi marroni e scatola originale in legno di paulonia, XX secolo. Questo chawan presenta una smaltatura nera lucida che ricopre la maggior parte del corpo, con il bordo che sfuma in una calda tonalit\u00e0 marrone. Questo contrasto evidenzia il contorno della ciotola e aggiunge profondit\u00e0 visiva. Il piede (kodai) non \u00e8 smaltato, esponendo l&#039;argilla grezza.<\/p>","protected":false},"excerpt":{"rendered":"<p>Chawan smaltato nero con bordi marroni, XX secolo<\/p>","protected":false},"featured_media":567,"template":"","meta":[],"product_brand":[],"product_cat":[55,19],"product_tag":[92,93],"class_list":{"0":"post-566","1":"product","2":"type-product","3":"status-publish","4":"has-post-thumbnail","6":"product_cat-glazed","7":"product_cat-pottery","8":"product_tag-chawan","9":"product_tag-pottery","10":"product_shipping_class-below-1kg","12":"first","13":"instock","14":"sold-individually","15":"shipping-taxable","16":"purchasable","17":"product-type-simple"},"yoast_head":"<!-- This site is optimized with the Yoast SEO plugin v27.4 - https:\/\/yoast.com\/product\/yoast-seo-wordpress\/ -->\n<title>Black Glazed Chawan - Antique Japan<\/title>\n<meta name=\"description\" content=\"Black Glazed Chawan with brown rims and original paulownia wooden box, XX Century\" \/>\n<meta name=\"robots\" content=\"index, follow, max-snippet:-1, max-image-preview:large, max-video-preview:-1\" \/>\n<link rel=\"canonical\" href=\"https:\/\/antique-japan.com\/it\/negozio\/ceramica\/smaltato\/chawan-smaltato-nero\/\" \/>\n<meta property=\"og:locale\" content=\"it_IT\" \/>\n<meta property=\"og:type\" content=\"article\" \/>\n<meta property=\"og:title\" content=\"Black Glazed Chawan - Antique Japan\" \/>\n<meta property=\"og:description\" content=\"Black Glazed Chawan with brown rims and original paulownia wooden box, XX Century\" \/>\n<meta property=\"og:url\" content=\"https:\/\/antique-japan.com\/it\/negozio\/ceramica\/smaltato\/chawan-smaltato-nero\/\" \/>\n<meta property=\"og:site_name\" content=\"Antique Japan\" \/>\n<meta property=\"article:modified_time\" content=\"2026-03-12T09:08:23+00:00\" \/>\n<meta property=\"og:image\" content=\"https:\/\/antique-japan.com\/wp-content\/uploads\/2024\/06\/black-glazed-chawan.jpeg\" \/>\n\t<meta property=\"og:image:width\" content=\"2000\" \/>\n\t<meta property=\"og:image:height\" content=\"1333\" \/>\n\t<meta property=\"og:image:type\" content=\"image\/jpeg\" \/>\n<meta name=\"twitter:card\" content=\"summary_large_image\" \/>\n<meta name=\"twitter:label1\" content=\"Tempo di lettura stimato\" \/>\n\t<meta name=\"twitter:data1\" content=\"1 minuto\" \/>\n<script type=\"application\/ld+json\" class=\"yoast-schema-graph\">{\"@context\":\"https:\\\/\\\/schema.org\",\"@graph\":[{\"@type\":\"WebPage\",\"@id\":\"https:\\\/\\\/antique-japan.com\\\/shop\\\/pottery\\\/glazed\\\/black-glazed-chawan\\\/\",\"url\":\"https:\\\/\\\/antique-japan.com\\\/shop\\\/pottery\\\/glazed\\\/black-glazed-chawan\\\/\",\"name\":\"Black Glazed Chawan - Antique Japan\",\"isPartOf\":{\"@id\":\"https:\\\/\\\/antique-japan.com\\\/#website\"},\"primaryImageOfPage\":{\"@id\":\"https:\\\/\\\/antique-japan.com\\\/shop\\\/pottery\\\/glazed\\\/black-glazed-chawan\\\/#primaryimage\"},\"image\":{\"@id\":\"https:\\\/\\\/antique-japan.com\\\/shop\\\/pottery\\\/glazed\\\/black-glazed-chawan\\\/#primaryimage\"},\"thumbnailUrl\":\"https:\\\/\\\/antique-japan.com\\\/wp-content\\\/uploads\\\/2024\\\/06\\\/black-glazed-chawan.jpeg\",\"datePublished\":\"2024-06-28T14:35:24+00:00\",\"dateModified\":\"2026-03-12T09:08:23+00:00\",\"description\":\"Black Glazed Chawan with brown rims and original paulownia wooden box, XX Century\",\"breadcrumb\":{\"@id\":\"https:\\\/\\\/antique-japan.com\\\/shop\\\/pottery\\\/glazed\\\/black-glazed-chawan\\\/#breadcrumb\"},\"inLanguage\":\"it-IT\",\"potentialAction\":[{\"@type\":\"ReadAction\",\"target\":[\"https:\\\/\\\/antique-japan.com\\\/shop\\\/pottery\\\/glazed\\\/black-glazed-chawan\\\/\"]}]},{\"@type\":\"ImageObject\",\"inLanguage\":\"it-IT\",\"@id\":\"https:\\\/\\\/antique-japan.com\\\/shop\\\/pottery\\\/glazed\\\/black-glazed-chawan\\\/#primaryimage\",\"url\":\"https:\\\/\\\/antique-japan.com\\\/wp-content\\\/uploads\\\/2024\\\/06\\\/black-glazed-chawan.jpeg\",\"contentUrl\":\"https:\\\/\\\/antique-japan.com\\\/wp-content\\\/uploads\\\/2024\\\/06\\\/black-glazed-chawan.jpeg\",\"width\":2000,\"height\":1333,\"caption\":\"Black Glazed Chawan\"},{\"@type\":\"BreadcrumbList\",\"@id\":\"https:\\\/\\\/antique-japan.com\\\/shop\\\/pottery\\\/glazed\\\/black-glazed-chawan\\\/#breadcrumb\",\"itemListElement\":[{\"@type\":\"ListItem\",\"position\":1,\"name\":\"Home\",\"item\":\"https:\\\/\\\/antique-japan.com\\\/\"},{\"@type\":\"ListItem\",\"position\":2,\"name\":\"Shop\",\"item\":\"https:\\\/\\\/antique-japan.com\\\/shop\\\/\"},{\"@type\":\"ListItem\",\"position\":3,\"name\":\"Black Glazed Chawan\"}]},{\"@type\":\"WebSite\",\"@id\":\"https:\\\/\\\/antique-japan.com\\\/#website\",\"url\":\"https:\\\/\\\/antique-japan.com\\\/\",\"name\":\"Antique Japan\",\"description\":\"Authentic Japanese Antiques &amp; Art Online \u2013 Edo &amp; Meiji Period\",\"publisher\":{\"@id\":\"https:\\\/\\\/antique-japan.com\\\/#organization\"},\"potentialAction\":[{\"@type\":\"SearchAction\",\"target\":{\"@type\":\"EntryPoint\",\"urlTemplate\":\"https:\\\/\\\/antique-japan.com\\\/?s={search_term_string}\"},\"query-input\":{\"@type\":\"PropertyValueSpecification\",\"valueRequired\":true,\"valueName\":\"search_term_string\"}}],\"inLanguage\":\"it-IT\"},{\"@type\":\"Organization\",\"@id\":\"https:\\\/\\\/antique-japan.com\\\/#organization\",\"name\":\"Antique Japan\",\"url\":\"https:\\\/\\\/antique-japan.com\\\/\",\"logo\":{\"@type\":\"ImageObject\",\"inLanguage\":\"it-IT\",\"@id\":\"https:\\\/\\\/antique-japan.com\\\/#\\\/schema\\\/logo\\\/image\\\/\",\"url\":\"https:\\\/\\\/antique-japan.com\\\/wp-content\\\/uploads\\\/2024\\\/06\\\/Antique-Japan-Full-Logo.webp\",\"contentUrl\":\"https:\\\/\\\/antique-japan.com\\\/wp-content\\\/uploads\\\/2024\\\/06\\\/Antique-Japan-Full-Logo.webp\",\"width\":1100,\"height\":625,\"caption\":\"Antique Japan\"},\"image\":{\"@id\":\"https:\\\/\\\/antique-japan.com\\\/#\\\/schema\\\/logo\\\/image\\\/\"}}]}<\/script>\n<!-- \/ Yoast SEO plugin. -->","yoast_head_json":{"title":"Chawan smaltato nero - Giappone antico","description":"Chawan smaltato nero con bordi marroni e scatola originale in legno di paulonia, XX secolo","robots":{"index":"index","follow":"follow","max-snippet":"max-snippet:-1","max-image-preview":"max-image-preview:large","max-video-preview":"max-video-preview:-1"},"canonical":"https:\/\/antique-japan.com\/it\/negozio\/ceramica\/smaltato\/chawan-smaltato-nero\/","og_locale":"it_IT","og_type":"article","og_title":"Black Glazed Chawan - Antique Japan","og_description":"Black Glazed Chawan with brown rims and original paulownia wooden box, XX Century","og_url":"https:\/\/antique-japan.com\/it\/negozio\/ceramica\/smaltato\/chawan-smaltato-nero\/","og_site_name":"Antique Japan","article_modified_time":"2026-03-12T09:08:23+00:00","og_image":[{"width":2000,"height":1333,"url":"https:\/\/antique-japan.com\/wp-content\/uploads\/2024\/06\/black-glazed-chawan.jpeg","type":"image\/jpeg"}],"twitter_card":"summary_large_image","twitter_misc":{"Tempo di lettura stimato":"1 minuto"},"schema":{"@context":"https:\/\/schema.org","@graph":[{"@type":"WebPage","@id":"https:\/\/antique-japan.com\/shop\/pottery\/glazed\/black-glazed-chawan\/","url":"https:\/\/antique-japan.com\/shop\/pottery\/glazed\/black-glazed-chawan\/","name":"Chawan smaltato nero - Giappone antico","isPartOf":{"@id":"https:\/\/antique-japan.com\/#website"},"primaryImageOfPage":{"@id":"https:\/\/antique-japan.com\/shop\/pottery\/glazed\/black-glazed-chawan\/#primaryimage"},"image":{"@id":"https:\/\/antique-japan.com\/shop\/pottery\/glazed\/black-glazed-chawan\/#primaryimage"},"thumbnailUrl":"https:\/\/antique-japan.com\/wp-content\/uploads\/2024\/06\/black-glazed-chawan.jpeg","datePublished":"2024-06-28T14:35:24+00:00","dateModified":"2026-03-12T09:08:23+00:00","description":"Chawan smaltato nero con bordi marroni e scatola originale in legno di paulonia, XX secolo","breadcrumb":{"@id":"https:\/\/antique-japan.com\/shop\/pottery\/glazed\/black-glazed-chawan\/#breadcrumb"},"inLanguage":"it-IT","potentialAction":[{"@type":"ReadAction","target":["https:\/\/antique-japan.com\/shop\/pottery\/glazed\/black-glazed-chawan\/"]}]},{"@type":"ImageObject","inLanguage":"it-IT","@id":"https:\/\/antique-japan.com\/shop\/pottery\/glazed\/black-glazed-chawan\/#primaryimage","url":"https:\/\/antique-japan.com\/wp-content\/uploads\/2024\/06\/black-glazed-chawan.jpeg","contentUrl":"https:\/\/antique-japan.com\/wp-content\/uploads\/2024\/06\/black-glazed-chawan.jpeg","width":2000,"height":1333,"caption":"Black Glazed Chawan"},{"@type":"BreadcrumbList","@id":"https:\/\/antique-japan.com\/shop\/pottery\/glazed\/black-glazed-chawan\/#breadcrumb","itemListElement":[{"@type":"ListItem","position":1,"name":"Home","item":"https:\/\/antique-japan.com\/"},{"@type":"ListItem","position":2,"name":"Shop","item":"https:\/\/antique-japan.com\/shop\/"},{"@type":"ListItem","position":3,"name":"Black Glazed Chawan"}]},{"@type":"WebSite","@id":"https:\/\/antique-japan.com\/#website","url":"https:\/\/antique-japan.com\/","name":"Giappone antico","description":"Autentici oggetti d&#039;antiquariato e arte giapponese online - Periodo Edo e Meiji","publisher":{"@id":"https:\/\/antique-japan.com\/#organization"},"potentialAction":[{"@type":"SearchAction","target":{"@type":"EntryPoint","urlTemplate":"https:\/\/antique-japan.com\/?s={search_term_string}"},"query-input":{"@type":"PropertyValueSpecification","valueRequired":true,"valueName":"search_term_string"}}],"inLanguage":"it-IT"},{"@type":"Organization","@id":"https:\/\/antique-japan.com\/#organization","name":"Giappone antico","url":"https:\/\/antique-japan.com\/","logo":{"@type":"ImageObject","inLanguage":"it-IT","@id":"https:\/\/antique-japan.com\/#\/schema\/logo\/image\/","url":"https:\/\/antique-japan.com\/wp-content\/uploads\/2024\/06\/Antique-Japan-Full-Logo.webp","contentUrl":"https:\/\/antique-japan.com\/wp-content\/uploads\/2024\/06\/Antique-Japan-Full-Logo.webp","width":1100,"height":625,"caption":"Antique Japan"},"image":{"@id":"https:\/\/antique-japan.com\/#\/schema\/logo\/image\/"}}]}},"_links":{"self":[{"href":"https:\/\/antique-japan.com\/it\/wp-json\/wp\/v2\/product\/566","targetHints":{"allow":["GET"]}}],"collection":[{"href":"https:\/\/antique-japan.com\/it\/wp-json\/wp\/v2\/product"}],"about":[{"href":"https:\/\/antique-japan.com\/it\/wp-json\/wp\/v2\/types\/product"}],"wp:featuredmedia":[{"embeddable":true,"href":"https:\/\/antique-japan.com\/it\/wp-json\/wp\/v2\/media\/567"}],"wp:attachment":[{"href":"https:\/\/antique-japan.com\/it\/wp-json\/wp\/v2\/media?parent=566"}],"wp:term":[{"taxonomy":"product_brand","embeddable":true,"href":"https:\/\/antique-japan.com\/it\/wp-json\/wp\/v2\/product_brand?post=566"},{"taxonomy":"product_cat","embeddable":true,"href":"https:\/\/antique-japan.com\/it\/wp-json\/wp\/v2\/product_cat?post=566"},{"taxonomy":"product_tag","embeddable":true,"href":"https:\/\/antique-japan.com\/it\/wp-json\/wp\/v2\/product_tag?post=566"}],"curies":[{"name":"parola chiave","href":"https:\/\/api.w.org\/{rel}","templated":true}]}}