{"id":508,"date":"2024-06-25T10:22:15","date_gmt":"2024-06-25T09:22:15","guid":{"rendered":"https:\/\/antique-japan.com\/?post_type=product&#038;p=508"},"modified":"2026-03-12T10:10:40","modified_gmt":"2026-03-12T09:10:40","slug":"scatola-da-te-laccata-nera","status":"publish","type":"product","link":"https:\/\/antique-japan.com\/it\/shop\/lacquerware\/tea-caddy\/black-lacquered-tea-caddy\/","title":{"rendered":"Contenitore per il t\u00e8 laccato nero"},"content":{"rendered":"<p>Scatola da t\u00e8, matcha natsume laccato decorato con una scimmia dorata sopra un urushi nero, XX secolo. Il corpo \u00e8 rifinito in lacca nera, mentre l&#039;oro \u00e8 applicato con la tecnica maki-e, con polvere d&#039;oro cosparsa sulla lacca bagnata per raffigurare una scimmia, simbolo di intelligenza e agilit\u00e0. L&#039;estetica generale \u00e8 semplice ma raffinata.<\/p>","protected":false},"excerpt":{"rendered":"<p>Scatola da t\u00e8 decorata con una scimmia dorata sopra un urushi nero, XX secolo<\/p>","protected":false},"featured_media":509,"template":"","meta":[],"product_brand":[],"product_cat":[29,79],"product_tag":[80,121,120,104,122],"class_list":{"0":"post-508","1":"product","2":"type-product","3":"status-publish","4":"has-post-thumbnail","6":"product_cat-lacquerware","7":"product_cat-tea-caddy","8":"product_tag-lacquerware","9":"product_tag-matcha","10":"product_tag-matcha-natsume","11":"product_tag-tea-caddy","12":"product_tag-urushi","14":"first","15":"instock","16":"sold-individually","17":"shipping-taxable","18":"purchasable","19":"product-type-simple"},"yoast_head":"<!-- This site is optimized with the Yoast SEO plugin v27.4 - https:\/\/yoast.com\/product\/yoast-seo-wordpress\/ -->\n<title>Black Lacquered Tea Caddy - Antique Japan<\/title>\n<meta name=\"description\" content=\"Tea caddy, lacquered matcha natsume decorated with gold monkey above black urushi, XX Century\" \/>\n<meta name=\"robots\" content=\"index, follow, max-snippet:-1, max-image-preview:large, max-video-preview:-1\" \/>\n<link rel=\"canonical\" href=\"https:\/\/antique-japan.com\/it\/negozio\/lacca\/scatola-da-te\/scatola-da-te-laccata-nera\/\" \/>\n<meta property=\"og:locale\" content=\"it_IT\" \/>\n<meta property=\"og:type\" content=\"article\" \/>\n<meta property=\"og:title\" content=\"Black Lacquered Tea Caddy - Antique Japan\" \/>\n<meta property=\"og:description\" content=\"Tea caddy, lacquered matcha natsume decorated with gold monkey above black urushi, XX Century\" \/>\n<meta property=\"og:url\" content=\"https:\/\/antique-japan.com\/it\/negozio\/lacca\/scatola-da-te\/scatola-da-te-laccata-nera\/\" \/>\n<meta property=\"og:site_name\" content=\"Antique Japan\" \/>\n<meta property=\"article:modified_time\" content=\"2026-03-12T09:10:40+00:00\" \/>\n<meta property=\"og:image\" content=\"https:\/\/antique-japan.com\/wp-content\/uploads\/2024\/06\/black-lacquered-tea-caddy.jpeg\" \/>\n\t<meta property=\"og:image:width\" content=\"2000\" \/>\n\t<meta property=\"og:image:height\" content=\"1333\" \/>\n\t<meta property=\"og:image:type\" content=\"image\/jpeg\" \/>\n<meta name=\"twitter:card\" content=\"summary_large_image\" \/>\n<meta name=\"twitter:label1\" content=\"Tempo di lettura stimato\" \/>\n\t<meta name=\"twitter:data1\" content=\"1 minuto\" \/>\n<script type=\"application\/ld+json\" class=\"yoast-schema-graph\">{\"@context\":\"https:\\\/\\\/schema.org\",\"@graph\":[{\"@type\":\"WebPage\",\"@id\":\"https:\\\/\\\/antique-japan.com\\\/shop\\\/lacquerware\\\/tea-caddy\\\/black-lacquered-tea-caddy\\\/\",\"url\":\"https:\\\/\\\/antique-japan.com\\\/shop\\\/lacquerware\\\/tea-caddy\\\/black-lacquered-tea-caddy\\\/\",\"name\":\"Black Lacquered Tea Caddy - Antique Japan\",\"isPartOf\":{\"@id\":\"https:\\\/\\\/antique-japan.com\\\/#website\"},\"primaryImageOfPage\":{\"@id\":\"https:\\\/\\\/antique-japan.com\\\/shop\\\/lacquerware\\\/tea-caddy\\\/black-lacquered-tea-caddy\\\/#primaryimage\"},\"image\":{\"@id\":\"https:\\\/\\\/antique-japan.com\\\/shop\\\/lacquerware\\\/tea-caddy\\\/black-lacquered-tea-caddy\\\/#primaryimage\"},\"thumbnailUrl\":\"https:\\\/\\\/antique-japan.com\\\/wp-content\\\/uploads\\\/2024\\\/06\\\/black-lacquered-tea-caddy.jpeg\",\"datePublished\":\"2024-06-25T09:22:15+00:00\",\"dateModified\":\"2026-03-12T09:10:40+00:00\",\"description\":\"Tea caddy, lacquered matcha natsume decorated with gold monkey above black urushi, XX Century\",\"breadcrumb\":{\"@id\":\"https:\\\/\\\/antique-japan.com\\\/shop\\\/lacquerware\\\/tea-caddy\\\/black-lacquered-tea-caddy\\\/#breadcrumb\"},\"inLanguage\":\"it-IT\",\"potentialAction\":[{\"@type\":\"ReadAction\",\"target\":[\"https:\\\/\\\/antique-japan.com\\\/shop\\\/lacquerware\\\/tea-caddy\\\/black-lacquered-tea-caddy\\\/\"]}]},{\"@type\":\"ImageObject\",\"inLanguage\":\"it-IT\",\"@id\":\"https:\\\/\\\/antique-japan.com\\\/shop\\\/lacquerware\\\/tea-caddy\\\/black-lacquered-tea-caddy\\\/#primaryimage\",\"url\":\"https:\\\/\\\/antique-japan.com\\\/wp-content\\\/uploads\\\/2024\\\/06\\\/black-lacquered-tea-caddy.jpeg\",\"contentUrl\":\"https:\\\/\\\/antique-japan.com\\\/wp-content\\\/uploads\\\/2024\\\/06\\\/black-lacquered-tea-caddy.jpeg\",\"width\":2000,\"height\":1333,\"caption\":\"Black Lacquered Tea Caddy\"},{\"@type\":\"BreadcrumbList\",\"@id\":\"https:\\\/\\\/antique-japan.com\\\/shop\\\/lacquerware\\\/tea-caddy\\\/black-lacquered-tea-caddy\\\/#breadcrumb\",\"itemListElement\":[{\"@type\":\"ListItem\",\"position\":1,\"name\":\"Home\",\"item\":\"https:\\\/\\\/antique-japan.com\\\/\"},{\"@type\":\"ListItem\",\"position\":2,\"name\":\"Shop\",\"item\":\"https:\\\/\\\/antique-japan.com\\\/shop\\\/\"},{\"@type\":\"ListItem\",\"position\":3,\"name\":\"Black Lacquered Tea Caddy\"}]},{\"@type\":\"WebSite\",\"@id\":\"https:\\\/\\\/antique-japan.com\\\/#website\",\"url\":\"https:\\\/\\\/antique-japan.com\\\/\",\"name\":\"Antique Japan\",\"description\":\"Authentic Japanese Antiques &amp; Art Online \u2013 Edo &amp; Meiji Period\",\"publisher\":{\"@id\":\"https:\\\/\\\/antique-japan.com\\\/#organization\"},\"potentialAction\":[{\"@type\":\"SearchAction\",\"target\":{\"@type\":\"EntryPoint\",\"urlTemplate\":\"https:\\\/\\\/antique-japan.com\\\/?s={search_term_string}\"},\"query-input\":{\"@type\":\"PropertyValueSpecification\",\"valueRequired\":true,\"valueName\":\"search_term_string\"}}],\"inLanguage\":\"it-IT\"},{\"@type\":\"Organization\",\"@id\":\"https:\\\/\\\/antique-japan.com\\\/#organization\",\"name\":\"Antique Japan\",\"url\":\"https:\\\/\\\/antique-japan.com\\\/\",\"logo\":{\"@type\":\"ImageObject\",\"inLanguage\":\"it-IT\",\"@id\":\"https:\\\/\\\/antique-japan.com\\\/#\\\/schema\\\/logo\\\/image\\\/\",\"url\":\"https:\\\/\\\/antique-japan.com\\\/wp-content\\\/uploads\\\/2024\\\/06\\\/Antique-Japan-Full-Logo.webp\",\"contentUrl\":\"https:\\\/\\\/antique-japan.com\\\/wp-content\\\/uploads\\\/2024\\\/06\\\/Antique-Japan-Full-Logo.webp\",\"width\":1100,\"height\":625,\"caption\":\"Antique Japan\"},\"image\":{\"@id\":\"https:\\\/\\\/antique-japan.com\\\/#\\\/schema\\\/logo\\\/image\\\/\"}}]}<\/script>\n<!-- \/ Yoast SEO plugin. -->","yoast_head_json":{"title":"Contenitore per il t\u00e8 laccato nero - Giappone antico","description":"Scatola da t\u00e8, matcha natsume laccato decorato con scimmia dorata sopra urushi nero, XX secolo","robots":{"index":"index","follow":"follow","max-snippet":"max-snippet:-1","max-image-preview":"max-image-preview:large","max-video-preview":"max-video-preview:-1"},"canonical":"https:\/\/antique-japan.com\/it\/negozio\/lacca\/scatola-da-te\/scatola-da-te-laccata-nera\/","og_locale":"it_IT","og_type":"article","og_title":"Black Lacquered Tea Caddy - Antique Japan","og_description":"Tea caddy, lacquered matcha natsume decorated with gold monkey above black urushi, XX Century","og_url":"https:\/\/antique-japan.com\/it\/negozio\/lacca\/scatola-da-te\/scatola-da-te-laccata-nera\/","og_site_name":"Antique Japan","article_modified_time":"2026-03-12T09:10:40+00:00","og_image":[{"width":2000,"height":1333,"url":"https:\/\/antique-japan.com\/wp-content\/uploads\/2024\/06\/black-lacquered-tea-caddy.jpeg","type":"image\/jpeg"}],"twitter_card":"summary_large_image","twitter_misc":{"Tempo di lettura stimato":"1 minuto"},"schema":{"@context":"https:\/\/schema.org","@graph":[{"@type":"WebPage","@id":"https:\/\/antique-japan.com\/shop\/lacquerware\/tea-caddy\/black-lacquered-tea-caddy\/","url":"https:\/\/antique-japan.com\/shop\/lacquerware\/tea-caddy\/black-lacquered-tea-caddy\/","name":"Contenitore per il t\u00e8 laccato nero - Giappone antico","isPartOf":{"@id":"https:\/\/antique-japan.com\/#website"},"primaryImageOfPage":{"@id":"https:\/\/antique-japan.com\/shop\/lacquerware\/tea-caddy\/black-lacquered-tea-caddy\/#primaryimage"},"image":{"@id":"https:\/\/antique-japan.com\/shop\/lacquerware\/tea-caddy\/black-lacquered-tea-caddy\/#primaryimage"},"thumbnailUrl":"https:\/\/antique-japan.com\/wp-content\/uploads\/2024\/06\/black-lacquered-tea-caddy.jpeg","datePublished":"2024-06-25T09:22:15+00:00","dateModified":"2026-03-12T09:10:40+00:00","description":"Scatola da t\u00e8, matcha natsume laccato decorato con scimmia dorata sopra urushi nero, XX secolo","breadcrumb":{"@id":"https:\/\/antique-japan.com\/shop\/lacquerware\/tea-caddy\/black-lacquered-tea-caddy\/#breadcrumb"},"inLanguage":"it-IT","potentialAction":[{"@type":"ReadAction","target":["https:\/\/antique-japan.com\/shop\/lacquerware\/tea-caddy\/black-lacquered-tea-caddy\/"]}]},{"@type":"ImageObject","inLanguage":"it-IT","@id":"https:\/\/antique-japan.com\/shop\/lacquerware\/tea-caddy\/black-lacquered-tea-caddy\/#primaryimage","url":"https:\/\/antique-japan.com\/wp-content\/uploads\/2024\/06\/black-lacquered-tea-caddy.jpeg","contentUrl":"https:\/\/antique-japan.com\/wp-content\/uploads\/2024\/06\/black-lacquered-tea-caddy.jpeg","width":2000,"height":1333,"caption":"Black Lacquered Tea Caddy"},{"@type":"BreadcrumbList","@id":"https:\/\/antique-japan.com\/shop\/lacquerware\/tea-caddy\/black-lacquered-tea-caddy\/#breadcrumb","itemListElement":[{"@type":"ListItem","position":1,"name":"Home","item":"https:\/\/antique-japan.com\/"},{"@type":"ListItem","position":2,"name":"Shop","item":"https:\/\/antique-japan.com\/shop\/"},{"@type":"ListItem","position":3,"name":"Black Lacquered Tea Caddy"}]},{"@type":"WebSite","@id":"https:\/\/antique-japan.com\/#website","url":"https:\/\/antique-japan.com\/","name":"Giappone antico","description":"Autentici oggetti d&#039;antiquariato e arte giapponese online - Periodo Edo e Meiji","publisher":{"@id":"https:\/\/antique-japan.com\/#organization"},"potentialAction":[{"@type":"SearchAction","target":{"@type":"EntryPoint","urlTemplate":"https:\/\/antique-japan.com\/?s={search_term_string}"},"query-input":{"@type":"PropertyValueSpecification","valueRequired":true,"valueName":"search_term_string"}}],"inLanguage":"it-IT"},{"@type":"Organization","@id":"https:\/\/antique-japan.com\/#organization","name":"Giappone antico","url":"https:\/\/antique-japan.com\/","logo":{"@type":"ImageObject","inLanguage":"it-IT","@id":"https:\/\/antique-japan.com\/#\/schema\/logo\/image\/","url":"https:\/\/antique-japan.com\/wp-content\/uploads\/2024\/06\/Antique-Japan-Full-Logo.webp","contentUrl":"https:\/\/antique-japan.com\/wp-content\/uploads\/2024\/06\/Antique-Japan-Full-Logo.webp","width":1100,"height":625,"caption":"Antique Japan"},"image":{"@id":"https:\/\/antique-japan.com\/#\/schema\/logo\/image\/"}}]}},"_links":{"self":[{"href":"https:\/\/antique-japan.com\/it\/wp-json\/wp\/v2\/product\/508","targetHints":{"allow":["GET"]}}],"collection":[{"href":"https:\/\/antique-japan.com\/it\/wp-json\/wp\/v2\/product"}],"about":[{"href":"https:\/\/antique-japan.com\/it\/wp-json\/wp\/v2\/types\/product"}],"wp:featuredmedia":[{"embeddable":true,"href":"https:\/\/antique-japan.com\/it\/wp-json\/wp\/v2\/media\/509"}],"wp:attachment":[{"href":"https:\/\/antique-japan.com\/it\/wp-json\/wp\/v2\/media?parent=508"}],"wp:term":[{"taxonomy":"product_brand","embeddable":true,"href":"https:\/\/antique-japan.com\/it\/wp-json\/wp\/v2\/product_brand?post=508"},{"taxonomy":"product_cat","embeddable":true,"href":"https:\/\/antique-japan.com\/it\/wp-json\/wp\/v2\/product_cat?post=508"},{"taxonomy":"product_tag","embeddable":true,"href":"https:\/\/antique-japan.com\/it\/wp-json\/wp\/v2\/product_tag?post=508"}],"curies":[{"name":"parola chiave","href":"https:\/\/api.w.org\/{rel}","templated":true}]}}