{"id":2020,"date":"2026-04-08T10:26:25","date_gmt":"2026-04-08T09:26:25","guid":{"rendered":"https:\/\/antique-japan.com\/?post_type=product&#038;p=2020"},"modified":"2026-04-09T11:07:37","modified_gmt":"2026-04-09T10:07:37","slug":"statua-di-fudo-myoo","status":"publish","type":"product","link":"https:\/\/antique-japan.com\/it\/shop\/metal-crafts\/okimono\/fudo-myoo-statue\/","title":{"rendered":"Statua di Fudo Myoo"},"content":{"rendered":"<p>Statua in rame patinato di Fudo Myoo, inizio XX secolo. Fudo Myoo, il Re Inamovibile, \u00e8 una divinit\u00e0 centrale del buddismo esoterico giapponese. La divinit\u00e0 impugna una spada varja nella mano destra per trafiggere l&#039;ignoranza e una corda nella mano sinistra per legare il male, circondata da un&#039;aureola di fiamme. Fudo Myoo \u00e8 venerato come guardiano della fede e protettore contro gli ostacoli all&#039;illuminazione.<\/p>","protected":false},"excerpt":{"rendered":"<p>Statua in rame patinato di Fudo Myoo, inizio XX secolo.<\/p>","protected":false},"featured_media":2109,"template":"","meta":[],"product_brand":[],"product_cat":[41,150],"product_tag":[163,162,161],"class_list":{"0":"post-2020","1":"product","2":"type-product","3":"status-publish","4":"has-post-thumbnail","6":"product_cat-metal-crafts","7":"product_cat-okimono","8":"product_tag-buddhism","9":"product_tag-copper","10":"product_tag-fudo-myoo","12":"first","13":"instock","14":"sold-individually","15":"shipping-taxable","16":"purchasable","17":"product-type-simple"},"yoast_head":"<!-- This site is optimized with the Yoast SEO plugin v27.4 - https:\/\/yoast.com\/product\/yoast-seo-wordpress\/ -->\n<title>Fudo Myoo Statue - Antique Japan<\/title>\n<meta name=\"description\" content=\"Patinated copper statue of Fudo Myoo, early XX century. The Immovable King is a central deity of Japanes esoteric Buddhism.\" \/>\n<meta name=\"robots\" content=\"index, follow, max-snippet:-1, max-image-preview:large, max-video-preview:-1\" \/>\n<link rel=\"canonical\" href=\"https:\/\/antique-japan.com\/it\/negozio\/artigianato-in-metallo\/okimono\/statua-di-fudo-myoo\/\" \/>\n<meta property=\"og:locale\" content=\"it_IT\" \/>\n<meta property=\"og:type\" content=\"article\" \/>\n<meta property=\"og:title\" content=\"Fudo Myoo Statue - Antique Japan\" \/>\n<meta property=\"og:description\" content=\"Patinated copper statue of Fudo Myoo, early XX century. The Immovable King is a central deity of Japanes esoteric Buddhism.\" \/>\n<meta property=\"og:url\" content=\"https:\/\/antique-japan.com\/it\/negozio\/artigianato-in-metallo\/okimono\/statua-di-fudo-myoo\/\" \/>\n<meta property=\"og:site_name\" content=\"Antique Japan\" \/>\n<meta property=\"article:modified_time\" content=\"2026-04-09T10:07:37+00:00\" \/>\n<meta property=\"og:image\" content=\"https:\/\/antique-japan.com\/wp-content\/uploads\/2026\/04\/fudo-myoo-statue-1-1.webp\" \/>\n\t<meta property=\"og:image:width\" content=\"2000\" \/>\n\t<meta property=\"og:image:height\" content=\"1333\" \/>\n\t<meta property=\"og:image:type\" content=\"image\/webp\" \/>\n<meta name=\"twitter:card\" content=\"summary_large_image\" \/>\n<meta name=\"twitter:label1\" content=\"Tempo di lettura stimato\" \/>\n\t<meta name=\"twitter:data1\" content=\"1 minuto\" \/>\n<script type=\"application\/ld+json\" class=\"yoast-schema-graph\">{\"@context\":\"https:\\\/\\\/schema.org\",\"@graph\":[{\"@type\":\"WebPage\",\"@id\":\"https:\\\/\\\/antique-japan.com\\\/shop\\\/metal-crafts\\\/okimono\\\/fudo-myoo-statue\\\/\",\"url\":\"https:\\\/\\\/antique-japan.com\\\/shop\\\/metal-crafts\\\/okimono\\\/fudo-myoo-statue\\\/\",\"name\":\"Fudo Myoo Statue - Antique Japan\",\"isPartOf\":{\"@id\":\"https:\\\/\\\/antique-japan.com\\\/#website\"},\"primaryImageOfPage\":{\"@id\":\"https:\\\/\\\/antique-japan.com\\\/shop\\\/metal-crafts\\\/okimono\\\/fudo-myoo-statue\\\/#primaryimage\"},\"image\":{\"@id\":\"https:\\\/\\\/antique-japan.com\\\/shop\\\/metal-crafts\\\/okimono\\\/fudo-myoo-statue\\\/#primaryimage\"},\"thumbnailUrl\":\"https:\\\/\\\/antique-japan.com\\\/wp-content\\\/uploads\\\/2026\\\/04\\\/fudo-myoo-statue-1-1.webp\",\"datePublished\":\"2026-04-08T09:26:25+00:00\",\"dateModified\":\"2026-04-09T10:07:37+00:00\",\"description\":\"Patinated copper statue of Fudo Myoo, early XX century. The Immovable King is a central deity of Japanes esoteric Buddhism.\",\"breadcrumb\":{\"@id\":\"https:\\\/\\\/antique-japan.com\\\/shop\\\/metal-crafts\\\/okimono\\\/fudo-myoo-statue\\\/#breadcrumb\"},\"inLanguage\":\"it-IT\",\"potentialAction\":[{\"@type\":\"ReadAction\",\"target\":[\"https:\\\/\\\/antique-japan.com\\\/shop\\\/metal-crafts\\\/okimono\\\/fudo-myoo-statue\\\/\"]}]},{\"@type\":\"ImageObject\",\"inLanguage\":\"it-IT\",\"@id\":\"https:\\\/\\\/antique-japan.com\\\/shop\\\/metal-crafts\\\/okimono\\\/fudo-myoo-statue\\\/#primaryimage\",\"url\":\"https:\\\/\\\/antique-japan.com\\\/wp-content\\\/uploads\\\/2026\\\/04\\\/fudo-myoo-statue-1-1.webp\",\"contentUrl\":\"https:\\\/\\\/antique-japan.com\\\/wp-content\\\/uploads\\\/2026\\\/04\\\/fudo-myoo-statue-1-1.webp\",\"width\":2000,\"height\":1333},{\"@type\":\"BreadcrumbList\",\"@id\":\"https:\\\/\\\/antique-japan.com\\\/shop\\\/metal-crafts\\\/okimono\\\/fudo-myoo-statue\\\/#breadcrumb\",\"itemListElement\":[{\"@type\":\"ListItem\",\"position\":1,\"name\":\"Home\",\"item\":\"https:\\\/\\\/antique-japan.com\\\/\"},{\"@type\":\"ListItem\",\"position\":2,\"name\":\"Shop\",\"item\":\"https:\\\/\\\/antique-japan.com\\\/shop\\\/\"},{\"@type\":\"ListItem\",\"position\":3,\"name\":\"Fudo Myoo Statue\"}]},{\"@type\":\"WebSite\",\"@id\":\"https:\\\/\\\/antique-japan.com\\\/#website\",\"url\":\"https:\\\/\\\/antique-japan.com\\\/\",\"name\":\"Antique Japan\",\"description\":\"Authentic Japanese Antiques &amp; Art Online \u2013 Edo &amp; Meiji Period\",\"publisher\":{\"@id\":\"https:\\\/\\\/antique-japan.com\\\/#organization\"},\"potentialAction\":[{\"@type\":\"SearchAction\",\"target\":{\"@type\":\"EntryPoint\",\"urlTemplate\":\"https:\\\/\\\/antique-japan.com\\\/?s={search_term_string}\"},\"query-input\":{\"@type\":\"PropertyValueSpecification\",\"valueRequired\":true,\"valueName\":\"search_term_string\"}}],\"inLanguage\":\"it-IT\"},{\"@type\":\"Organization\",\"@id\":\"https:\\\/\\\/antique-japan.com\\\/#organization\",\"name\":\"Antique Japan\",\"url\":\"https:\\\/\\\/antique-japan.com\\\/\",\"logo\":{\"@type\":\"ImageObject\",\"inLanguage\":\"it-IT\",\"@id\":\"https:\\\/\\\/antique-japan.com\\\/#\\\/schema\\\/logo\\\/image\\\/\",\"url\":\"https:\\\/\\\/antique-japan.com\\\/wp-content\\\/uploads\\\/2024\\\/06\\\/Antique-Japan-Full-Logo.webp\",\"contentUrl\":\"https:\\\/\\\/antique-japan.com\\\/wp-content\\\/uploads\\\/2024\\\/06\\\/Antique-Japan-Full-Logo.webp\",\"width\":1100,\"height\":625,\"caption\":\"Antique Japan\"},\"image\":{\"@id\":\"https:\\\/\\\/antique-japan.com\\\/#\\\/schema\\\/logo\\\/image\\\/\"}}]}<\/script>\n<!-- \/ Yoast SEO plugin. -->","yoast_head_json":{"title":"Statua Fudo Myoo - Giappone antico","description":"Statua in rame patinato di Fudo Myoo, inizio XX secolo. Il Re Immobile \u00e8 una divinit\u00e0 centrale del buddismo esoterico giapponese.","robots":{"index":"index","follow":"follow","max-snippet":"max-snippet:-1","max-image-preview":"max-image-preview:large","max-video-preview":"max-video-preview:-1"},"canonical":"https:\/\/antique-japan.com\/it\/negozio\/artigianato-in-metallo\/okimono\/statua-di-fudo-myoo\/","og_locale":"it_IT","og_type":"article","og_title":"Fudo Myoo Statue - Antique Japan","og_description":"Patinated copper statue of Fudo Myoo, early XX century. The Immovable King is a central deity of Japanes esoteric Buddhism.","og_url":"https:\/\/antique-japan.com\/it\/negozio\/artigianato-in-metallo\/okimono\/statua-di-fudo-myoo\/","og_site_name":"Antique Japan","article_modified_time":"2026-04-09T10:07:37+00:00","og_image":[{"width":2000,"height":1333,"url":"https:\/\/antique-japan.com\/wp-content\/uploads\/2026\/04\/fudo-myoo-statue-1-1.webp","type":"image\/webp"}],"twitter_card":"summary_large_image","twitter_misc":{"Tempo di lettura stimato":"1 minuto"},"schema":{"@context":"https:\/\/schema.org","@graph":[{"@type":"WebPage","@id":"https:\/\/antique-japan.com\/shop\/metal-crafts\/okimono\/fudo-myoo-statue\/","url":"https:\/\/antique-japan.com\/shop\/metal-crafts\/okimono\/fudo-myoo-statue\/","name":"Statua Fudo Myoo - Giappone antico","isPartOf":{"@id":"https:\/\/antique-japan.com\/#website"},"primaryImageOfPage":{"@id":"https:\/\/antique-japan.com\/shop\/metal-crafts\/okimono\/fudo-myoo-statue\/#primaryimage"},"image":{"@id":"https:\/\/antique-japan.com\/shop\/metal-crafts\/okimono\/fudo-myoo-statue\/#primaryimage"},"thumbnailUrl":"https:\/\/antique-japan.com\/wp-content\/uploads\/2026\/04\/fudo-myoo-statue-1-1.webp","datePublished":"2026-04-08T09:26:25+00:00","dateModified":"2026-04-09T10:07:37+00:00","description":"Statua in rame patinato di Fudo Myoo, inizio XX secolo. Il Re Immobile \u00e8 una divinit\u00e0 centrale del buddismo esoterico giapponese.","breadcrumb":{"@id":"https:\/\/antique-japan.com\/shop\/metal-crafts\/okimono\/fudo-myoo-statue\/#breadcrumb"},"inLanguage":"it-IT","potentialAction":[{"@type":"ReadAction","target":["https:\/\/antique-japan.com\/shop\/metal-crafts\/okimono\/fudo-myoo-statue\/"]}]},{"@type":"ImageObject","inLanguage":"it-IT","@id":"https:\/\/antique-japan.com\/shop\/metal-crafts\/okimono\/fudo-myoo-statue\/#primaryimage","url":"https:\/\/antique-japan.com\/wp-content\/uploads\/2026\/04\/fudo-myoo-statue-1-1.webp","contentUrl":"https:\/\/antique-japan.com\/wp-content\/uploads\/2026\/04\/fudo-myoo-statue-1-1.webp","width":2000,"height":1333},{"@type":"BreadcrumbList","@id":"https:\/\/antique-japan.com\/shop\/metal-crafts\/okimono\/fudo-myoo-statue\/#breadcrumb","itemListElement":[{"@type":"ListItem","position":1,"name":"Home","item":"https:\/\/antique-japan.com\/"},{"@type":"ListItem","position":2,"name":"Shop","item":"https:\/\/antique-japan.com\/shop\/"},{"@type":"ListItem","position":3,"name":"Fudo Myoo Statue"}]},{"@type":"WebSite","@id":"https:\/\/antique-japan.com\/#website","url":"https:\/\/antique-japan.com\/","name":"Giappone antico","description":"Autentici oggetti d&#039;antiquariato e arte giapponese online - Periodo Edo e Meiji","publisher":{"@id":"https:\/\/antique-japan.com\/#organization"},"potentialAction":[{"@type":"SearchAction","target":{"@type":"EntryPoint","urlTemplate":"https:\/\/antique-japan.com\/?s={search_term_string}"},"query-input":{"@type":"PropertyValueSpecification","valueRequired":true,"valueName":"search_term_string"}}],"inLanguage":"it-IT"},{"@type":"Organization","@id":"https:\/\/antique-japan.com\/#organization","name":"Giappone antico","url":"https:\/\/antique-japan.com\/","logo":{"@type":"ImageObject","inLanguage":"it-IT","@id":"https:\/\/antique-japan.com\/#\/schema\/logo\/image\/","url":"https:\/\/antique-japan.com\/wp-content\/uploads\/2024\/06\/Antique-Japan-Full-Logo.webp","contentUrl":"https:\/\/antique-japan.com\/wp-content\/uploads\/2024\/06\/Antique-Japan-Full-Logo.webp","width":1100,"height":625,"caption":"Antique Japan"},"image":{"@id":"https:\/\/antique-japan.com\/#\/schema\/logo\/image\/"}}]}},"_links":{"self":[{"href":"https:\/\/antique-japan.com\/it\/wp-json\/wp\/v2\/product\/2020","targetHints":{"allow":["GET"]}}],"collection":[{"href":"https:\/\/antique-japan.com\/it\/wp-json\/wp\/v2\/product"}],"about":[{"href":"https:\/\/antique-japan.com\/it\/wp-json\/wp\/v2\/types\/product"}],"wp:featuredmedia":[{"embeddable":true,"href":"https:\/\/antique-japan.com\/it\/wp-json\/wp\/v2\/media\/2109"}],"wp:attachment":[{"href":"https:\/\/antique-japan.com\/it\/wp-json\/wp\/v2\/media?parent=2020"}],"wp:term":[{"taxonomy":"product_brand","embeddable":true,"href":"https:\/\/antique-japan.com\/it\/wp-json\/wp\/v2\/product_brand?post=2020"},{"taxonomy":"product_cat","embeddable":true,"href":"https:\/\/antique-japan.com\/it\/wp-json\/wp\/v2\/product_cat?post=2020"},{"taxonomy":"product_tag","embeddable":true,"href":"https:\/\/antique-japan.com\/it\/wp-json\/wp\/v2\/product_tag?post=2020"}],"curies":[{"name":"parola chiave","href":"https:\/\/api.w.org\/{rel}","templated":true}]}}