{"id":1591,"date":"2025-06-19T15:30:21","date_gmt":"2025-06-19T14:30:21","guid":{"rendered":"https:\/\/antique-japan.com\/?post_type=product&#038;p=1591"},"modified":"2026-03-12T10:02:42","modified_gmt":"2026-03-12T09:02:42","slug":"periodo-gendai-tigre-kakejiku","status":"publish","type":"product","link":"https:\/\/antique-japan.com\/it\/shop\/paintings\/kakejiku\/gendai-period-tiger-kakejiku\/","title":{"rendered":"Periodo Gendai Tigre Kakejiku"},"content":{"rendered":"<p>L&#039;iconografia classica giapponese, la tigre, \u00e8 qui resa in una chiave pi\u00f9 contemporanea per rendere l&#039;immagine pi\u00f9 potente. Nelle rappresentazioni classiche la tigre (tora in giapponese) \u00e8 schematizzata nelle linee, rendendola un essere pi\u00f9 spirituale. Qui le geometrie del corpo sono rese, seppur con tecnica tradizionale, con piena forza. Lo sfondo \u00e8 stato realizzato dall&#039;artista in modo che appaia argentato quando esposto alla luce. Le condizioni del dipinto e della cornice sono perfette. Le dimensioni del kakejiku sono 177,2 cm x 57,0 cm.<\/p>","protected":false},"excerpt":{"rendered":"<p>Kakejiku del periodo Gendai, XX secolo, raffigurante una tigre<\/p>","protected":false},"featured_media":1608,"template":"","meta":[],"product_brand":[],"product_cat":[128,127],"product_tag":[130,129,134],"class_list":{"0":"post-1591","1":"product","2":"type-product","3":"status-publish","4":"has-post-thumbnail","6":"product_cat-kakejiku","7":"product_cat-paintings","8":"product_tag-kakejiku","9":"product_tag-paintings","10":"product_tag-tiger","12":"first","13":"instock","14":"sold-individually","15":"shipping-taxable","16":"purchasable","17":"product-type-simple"},"yoast_head":"<!-- This site is optimized with the Yoast SEO plugin v27.4 - https:\/\/yoast.com\/product\/yoast-seo-wordpress\/ -->\n<title>Gendai Period Tiger Kakejiku - Antique Japan<\/title>\n<meta name=\"description\" content=\"This Gendai period Kakejiku depicts in a contemporary key a classical of the Japanese iconography, the tiger, in order to make the image more powerful\" \/>\n<meta name=\"robots\" content=\"index, follow, max-snippet:-1, max-image-preview:large, max-video-preview:-1\" \/>\n<link rel=\"canonical\" href=\"https:\/\/antique-japan.com\/it\/negozio\/dipinti\/kakejiku\/periodo-gendai-tigre-kakejiku\/\" \/>\n<meta property=\"og:locale\" content=\"it_IT\" \/>\n<meta property=\"og:type\" content=\"article\" \/>\n<meta property=\"og:title\" content=\"Gendai Period Tiger Kakejiku - Antique Japan\" \/>\n<meta property=\"og:description\" content=\"This Gendai period Kakejiku depicts in a contemporary key a classical of the Japanese iconography, the tiger, in order to make the image more powerful\" \/>\n<meta property=\"og:url\" content=\"https:\/\/antique-japan.com\/it\/negozio\/dipinti\/kakejiku\/periodo-gendai-tigre-kakejiku\/\" \/>\n<meta property=\"og:site_name\" content=\"Antique Japan\" \/>\n<meta property=\"article:modified_time\" content=\"2026-03-12T09:02:42+00:00\" \/>\n<meta property=\"og:image\" content=\"https:\/\/antique-japan.com\/wp-content\/uploads\/2025\/06\/gendai-period-koi-kakejiku.webp\" \/>\n\t<meta property=\"og:image:width\" content=\"1707\" \/>\n\t<meta property=\"og:image:height\" content=\"2560\" \/>\n\t<meta property=\"og:image:type\" content=\"image\/webp\" \/>\n<meta name=\"twitter:card\" content=\"summary_large_image\" \/>\n<meta name=\"twitter:label1\" content=\"Tempo di lettura stimato\" \/>\n\t<meta name=\"twitter:data1\" content=\"1 minuto\" \/>\n<script type=\"application\/ld+json\" class=\"yoast-schema-graph\">{\"@context\":\"https:\\\/\\\/schema.org\",\"@graph\":[{\"@type\":\"WebPage\",\"@id\":\"https:\\\/\\\/antique-japan.com\\\/shop\\\/paintings\\\/kakejiku\\\/gendai-period-tiger-kakejiku\\\/\",\"url\":\"https:\\\/\\\/antique-japan.com\\\/shop\\\/paintings\\\/kakejiku\\\/gendai-period-tiger-kakejiku\\\/\",\"name\":\"Gendai Period Tiger Kakejiku - Antique Japan\",\"isPartOf\":{\"@id\":\"https:\\\/\\\/antique-japan.com\\\/#website\"},\"primaryImageOfPage\":{\"@id\":\"https:\\\/\\\/antique-japan.com\\\/shop\\\/paintings\\\/kakejiku\\\/gendai-period-tiger-kakejiku\\\/#primaryimage\"},\"image\":{\"@id\":\"https:\\\/\\\/antique-japan.com\\\/shop\\\/paintings\\\/kakejiku\\\/gendai-period-tiger-kakejiku\\\/#primaryimage\"},\"thumbnailUrl\":\"https:\\\/\\\/antique-japan.com\\\/wp-content\\\/uploads\\\/2025\\\/06\\\/gendai-period-koi-kakejiku.webp\",\"datePublished\":\"2025-06-19T14:30:21+00:00\",\"dateModified\":\"2026-03-12T09:02:42+00:00\",\"description\":\"This Gendai period Kakejiku depicts in a contemporary key a classical of the Japanese iconography, the tiger, in order to make the image more powerful\",\"breadcrumb\":{\"@id\":\"https:\\\/\\\/antique-japan.com\\\/shop\\\/paintings\\\/kakejiku\\\/gendai-period-tiger-kakejiku\\\/#breadcrumb\"},\"inLanguage\":\"it-IT\",\"potentialAction\":[{\"@type\":\"ReadAction\",\"target\":[\"https:\\\/\\\/antique-japan.com\\\/shop\\\/paintings\\\/kakejiku\\\/gendai-period-tiger-kakejiku\\\/\"]}]},{\"@type\":\"ImageObject\",\"inLanguage\":\"it-IT\",\"@id\":\"https:\\\/\\\/antique-japan.com\\\/shop\\\/paintings\\\/kakejiku\\\/gendai-period-tiger-kakejiku\\\/#primaryimage\",\"url\":\"https:\\\/\\\/antique-japan.com\\\/wp-content\\\/uploads\\\/2025\\\/06\\\/gendai-period-koi-kakejiku.webp\",\"contentUrl\":\"https:\\\/\\\/antique-japan.com\\\/wp-content\\\/uploads\\\/2025\\\/06\\\/gendai-period-koi-kakejiku.webp\",\"width\":1707,\"height\":2560,\"caption\":\"Gendai period koi kakejiku\"},{\"@type\":\"BreadcrumbList\",\"@id\":\"https:\\\/\\\/antique-japan.com\\\/shop\\\/paintings\\\/kakejiku\\\/gendai-period-tiger-kakejiku\\\/#breadcrumb\",\"itemListElement\":[{\"@type\":\"ListItem\",\"position\":1,\"name\":\"Home\",\"item\":\"https:\\\/\\\/antique-japan.com\\\/\"},{\"@type\":\"ListItem\",\"position\":2,\"name\":\"Shop\",\"item\":\"https:\\\/\\\/antique-japan.com\\\/shop\\\/\"},{\"@type\":\"ListItem\",\"position\":3,\"name\":\"Gendai Period Tiger Kakejiku\"}]},{\"@type\":\"WebSite\",\"@id\":\"https:\\\/\\\/antique-japan.com\\\/#website\",\"url\":\"https:\\\/\\\/antique-japan.com\\\/\",\"name\":\"Antique Japan\",\"description\":\"Authentic Japanese Antiques &amp; Art Online \u2013 Edo &amp; Meiji Period\",\"publisher\":{\"@id\":\"https:\\\/\\\/antique-japan.com\\\/#organization\"},\"potentialAction\":[{\"@type\":\"SearchAction\",\"target\":{\"@type\":\"EntryPoint\",\"urlTemplate\":\"https:\\\/\\\/antique-japan.com\\\/?s={search_term_string}\"},\"query-input\":{\"@type\":\"PropertyValueSpecification\",\"valueRequired\":true,\"valueName\":\"search_term_string\"}}],\"inLanguage\":\"it-IT\"},{\"@type\":\"Organization\",\"@id\":\"https:\\\/\\\/antique-japan.com\\\/#organization\",\"name\":\"Antique Japan\",\"url\":\"https:\\\/\\\/antique-japan.com\\\/\",\"logo\":{\"@type\":\"ImageObject\",\"inLanguage\":\"it-IT\",\"@id\":\"https:\\\/\\\/antique-japan.com\\\/#\\\/schema\\\/logo\\\/image\\\/\",\"url\":\"https:\\\/\\\/antique-japan.com\\\/wp-content\\\/uploads\\\/2024\\\/06\\\/Antique-Japan-Full-Logo.webp\",\"contentUrl\":\"https:\\\/\\\/antique-japan.com\\\/wp-content\\\/uploads\\\/2024\\\/06\\\/Antique-Japan-Full-Logo.webp\",\"width\":1100,\"height\":625,\"caption\":\"Antique Japan\"},\"image\":{\"@id\":\"https:\\\/\\\/antique-japan.com\\\/#\\\/schema\\\/logo\\\/image\\\/\"}}]}<\/script>\n<!-- \/ Yoast SEO plugin. -->","yoast_head_json":{"title":"Periodo Gendai Tiger Kakejiku - Giappone antico","description":"Questo Kakejiku del periodo Gendai raffigura in chiave contemporanea un classico dell&#039;iconografia giapponese, la tigre, per rendere l&#039;immagine pi\u00f9 potente","robots":{"index":"index","follow":"follow","max-snippet":"max-snippet:-1","max-image-preview":"max-image-preview:large","max-video-preview":"max-video-preview:-1"},"canonical":"https:\/\/antique-japan.com\/it\/negozio\/dipinti\/kakejiku\/periodo-gendai-tigre-kakejiku\/","og_locale":"it_IT","og_type":"article","og_title":"Gendai Period Tiger Kakejiku - Antique Japan","og_description":"This Gendai period Kakejiku depicts in a contemporary key a classical of the Japanese iconography, the tiger, in order to make the image more powerful","og_url":"https:\/\/antique-japan.com\/it\/negozio\/dipinti\/kakejiku\/periodo-gendai-tigre-kakejiku\/","og_site_name":"Antique Japan","article_modified_time":"2026-03-12T09:02:42+00:00","og_image":[{"width":1707,"height":2560,"url":"https:\/\/antique-japan.com\/wp-content\/uploads\/2025\/06\/gendai-period-koi-kakejiku.webp","type":"image\/webp"}],"twitter_card":"summary_large_image","twitter_misc":{"Tempo di lettura stimato":"1 minuto"},"schema":{"@context":"https:\/\/schema.org","@graph":[{"@type":"WebPage","@id":"https:\/\/antique-japan.com\/shop\/paintings\/kakejiku\/gendai-period-tiger-kakejiku\/","url":"https:\/\/antique-japan.com\/shop\/paintings\/kakejiku\/gendai-period-tiger-kakejiku\/","name":"Periodo Gendai Tiger Kakejiku - Giappone antico","isPartOf":{"@id":"https:\/\/antique-japan.com\/#website"},"primaryImageOfPage":{"@id":"https:\/\/antique-japan.com\/shop\/paintings\/kakejiku\/gendai-period-tiger-kakejiku\/#primaryimage"},"image":{"@id":"https:\/\/antique-japan.com\/shop\/paintings\/kakejiku\/gendai-period-tiger-kakejiku\/#primaryimage"},"thumbnailUrl":"https:\/\/antique-japan.com\/wp-content\/uploads\/2025\/06\/gendai-period-koi-kakejiku.webp","datePublished":"2025-06-19T14:30:21+00:00","dateModified":"2026-03-12T09:02:42+00:00","description":"Questo Kakejiku del periodo Gendai raffigura in chiave contemporanea un classico dell&#039;iconografia giapponese, la tigre, per rendere l&#039;immagine pi\u00f9 potente","breadcrumb":{"@id":"https:\/\/antique-japan.com\/shop\/paintings\/kakejiku\/gendai-period-tiger-kakejiku\/#breadcrumb"},"inLanguage":"it-IT","potentialAction":[{"@type":"ReadAction","target":["https:\/\/antique-japan.com\/shop\/paintings\/kakejiku\/gendai-period-tiger-kakejiku\/"]}]},{"@type":"ImageObject","inLanguage":"it-IT","@id":"https:\/\/antique-japan.com\/shop\/paintings\/kakejiku\/gendai-period-tiger-kakejiku\/#primaryimage","url":"https:\/\/antique-japan.com\/wp-content\/uploads\/2025\/06\/gendai-period-koi-kakejiku.webp","contentUrl":"https:\/\/antique-japan.com\/wp-content\/uploads\/2025\/06\/gendai-period-koi-kakejiku.webp","width":1707,"height":2560,"caption":"Gendai period koi kakejiku"},{"@type":"BreadcrumbList","@id":"https:\/\/antique-japan.com\/shop\/paintings\/kakejiku\/gendai-period-tiger-kakejiku\/#breadcrumb","itemListElement":[{"@type":"ListItem","position":1,"name":"Home","item":"https:\/\/antique-japan.com\/"},{"@type":"ListItem","position":2,"name":"Shop","item":"https:\/\/antique-japan.com\/shop\/"},{"@type":"ListItem","position":3,"name":"Gendai Period Tiger Kakejiku"}]},{"@type":"WebSite","@id":"https:\/\/antique-japan.com\/#website","url":"https:\/\/antique-japan.com\/","name":"Giappone antico","description":"Autentici oggetti d&#039;antiquariato e arte giapponese online - Periodo Edo e Meiji","publisher":{"@id":"https:\/\/antique-japan.com\/#organization"},"potentialAction":[{"@type":"SearchAction","target":{"@type":"EntryPoint","urlTemplate":"https:\/\/antique-japan.com\/?s={search_term_string}"},"query-input":{"@type":"PropertyValueSpecification","valueRequired":true,"valueName":"search_term_string"}}],"inLanguage":"it-IT"},{"@type":"Organization","@id":"https:\/\/antique-japan.com\/#organization","name":"Giappone antico","url":"https:\/\/antique-japan.com\/","logo":{"@type":"ImageObject","inLanguage":"it-IT","@id":"https:\/\/antique-japan.com\/#\/schema\/logo\/image\/","url":"https:\/\/antique-japan.com\/wp-content\/uploads\/2024\/06\/Antique-Japan-Full-Logo.webp","contentUrl":"https:\/\/antique-japan.com\/wp-content\/uploads\/2024\/06\/Antique-Japan-Full-Logo.webp","width":1100,"height":625,"caption":"Antique Japan"},"image":{"@id":"https:\/\/antique-japan.com\/#\/schema\/logo\/image\/"}}]}},"_links":{"self":[{"href":"https:\/\/antique-japan.com\/it\/wp-json\/wp\/v2\/product\/1591","targetHints":{"allow":["GET"]}}],"collection":[{"href":"https:\/\/antique-japan.com\/it\/wp-json\/wp\/v2\/product"}],"about":[{"href":"https:\/\/antique-japan.com\/it\/wp-json\/wp\/v2\/types\/product"}],"wp:featuredmedia":[{"embeddable":true,"href":"https:\/\/antique-japan.com\/it\/wp-json\/wp\/v2\/media\/1608"}],"wp:attachment":[{"href":"https:\/\/antique-japan.com\/it\/wp-json\/wp\/v2\/media?parent=1591"}],"wp:term":[{"taxonomy":"product_brand","embeddable":true,"href":"https:\/\/antique-japan.com\/it\/wp-json\/wp\/v2\/product_brand?post=1591"},{"taxonomy":"product_cat","embeddable":true,"href":"https:\/\/antique-japan.com\/it\/wp-json\/wp\/v2\/product_cat?post=1591"},{"taxonomy":"product_tag","embeddable":true,"href":"https:\/\/antique-japan.com\/it\/wp-json\/wp\/v2\/product_tag?post=1591"}],"curies":[{"name":"parola chiave","href":"https:\/\/api.w.org\/{rel}","templated":true}]}}