{"id":1481,"date":"2025-03-27T16:47:41","date_gmt":"2025-03-27T15:47:41","guid":{"rendered":"https:\/\/antique-japan.com\/?post_type=product&#038;p=1481"},"modified":"2026-03-19T14:28:58","modified_gmt":"2026-03-19T13:28:58","slug":"annaffiatoio-per-bonsai","status":"publish","type":"product","link":"https:\/\/antique-japan.com\/it\/shop\/metal-crafts\/watering-cans\/bonsai-watering-can\/","title":{"rendered":"Annaffiatoio per bonsai"},"content":{"rendered":"<p>Piccolo Hanamizuji in bronzo, tradizionale annaffiatoio per bonsai, utilizzato per versare delicatamente l&#039;acqua nei vasi dei fiori. Il corpo basso e largo garantisce stabilit\u00e0, mentre il lungo beccuccio curvo garantisce precisione. Il design riflette funzionalit\u00e0 ed elegante semplicit\u00e0, caratteristiche spesso riscontrabili negli utensili per la cerimonia del t\u00e8 o per l&#039;arte floreale. XX secolo.<\/p>","protected":false},"excerpt":{"rendered":"<p>Hanamizuji, annaffiatoio per bonsai giapponese, XX sec.<\/p>","protected":false},"featured_media":1482,"template":"","meta":[],"product_brand":[],"product_cat":[41,148],"product_tag":[83,84,82,85],"class_list":{"0":"post-1481","1":"product","2":"type-product","3":"status-publish","4":"has-post-thumbnail","6":"product_cat-metal-crafts","7":"product_cat-watering-cans","8":"product_tag-bonsai","9":"product_tag-bronze","10":"product_tag-hanamizuji","11":"product_tag-metal","13":"first","14":"outofstock","15":"sold-individually","16":"shipping-taxable","17":"purchasable","18":"product-type-simple"},"yoast_head":"<!-- This site is optimized with the Yoast SEO plugin v27.4 - https:\/\/yoast.com\/product\/yoast-seo-wordpress\/ -->\n<title>Bonsai Watering Can - Antique Japan<\/title>\n<meta name=\"description\" content=\"Small bronze Hanamizuji, traditional bonsai watering can, XX century\" \/>\n<meta name=\"robots\" content=\"index, follow, max-snippet:-1, max-image-preview:large, max-video-preview:-1\" \/>\n<link rel=\"canonical\" href=\"https:\/\/antique-japan.com\/it\/negozio\/artigianato-in-metallo\/annaffiatoi\/annaffiatoio-per-bonsai\/\" \/>\n<meta property=\"og:locale\" content=\"it_IT\" \/>\n<meta property=\"og:type\" content=\"article\" \/>\n<meta property=\"og:title\" content=\"Bonsai Watering Can - Antique Japan\" \/>\n<meta property=\"og:description\" content=\"Small bronze Hanamizuji, traditional bonsai watering can, XX century\" \/>\n<meta property=\"og:url\" content=\"https:\/\/antique-japan.com\/it\/negozio\/artigianato-in-metallo\/annaffiatoi\/annaffiatoio-per-bonsai\/\" \/>\n<meta property=\"og:site_name\" content=\"Antique Japan\" \/>\n<meta property=\"article:modified_time\" content=\"2026-03-19T13:28:58+00:00\" \/>\n<meta property=\"og:image\" content=\"https:\/\/antique-japan.com\/wp-content\/uploads\/2025\/03\/bonsai-watering-can.jpg\" \/>\n\t<meta property=\"og:image:width\" content=\"2560\" \/>\n\t<meta property=\"og:image:height\" content=\"1707\" \/>\n\t<meta property=\"og:image:type\" content=\"image\/jpeg\" \/>\n<meta name=\"twitter:card\" content=\"summary_large_image\" \/>\n<meta name=\"twitter:label1\" content=\"Tempo di lettura stimato\" \/>\n\t<meta name=\"twitter:data1\" content=\"1 minuto\" \/>\n<script type=\"application\/ld+json\" class=\"yoast-schema-graph\">{\"@context\":\"https:\\\/\\\/schema.org\",\"@graph\":[{\"@type\":\"WebPage\",\"@id\":\"https:\\\/\\\/antique-japan.com\\\/shop\\\/metal-crafts\\\/watering-cans\\\/bonsai-watering-can\\\/\",\"url\":\"https:\\\/\\\/antique-japan.com\\\/shop\\\/metal-crafts\\\/watering-cans\\\/bonsai-watering-can\\\/\",\"name\":\"Bonsai Watering Can - Antique Japan\",\"isPartOf\":{\"@id\":\"https:\\\/\\\/antique-japan.com\\\/#website\"},\"primaryImageOfPage\":{\"@id\":\"https:\\\/\\\/antique-japan.com\\\/shop\\\/metal-crafts\\\/watering-cans\\\/bonsai-watering-can\\\/#primaryimage\"},\"image\":{\"@id\":\"https:\\\/\\\/antique-japan.com\\\/shop\\\/metal-crafts\\\/watering-cans\\\/bonsai-watering-can\\\/#primaryimage\"},\"thumbnailUrl\":\"https:\\\/\\\/antique-japan.com\\\/wp-content\\\/uploads\\\/2025\\\/03\\\/bonsai-watering-can.jpg\",\"datePublished\":\"2025-03-27T15:47:41+00:00\",\"dateModified\":\"2026-03-19T13:28:58+00:00\",\"description\":\"Small bronze Hanamizuji, traditional bonsai watering can, XX century\",\"breadcrumb\":{\"@id\":\"https:\\\/\\\/antique-japan.com\\\/shop\\\/metal-crafts\\\/watering-cans\\\/bonsai-watering-can\\\/#breadcrumb\"},\"inLanguage\":\"it-IT\",\"potentialAction\":[{\"@type\":\"ReadAction\",\"target\":[\"https:\\\/\\\/antique-japan.com\\\/shop\\\/metal-crafts\\\/watering-cans\\\/bonsai-watering-can\\\/\"]}]},{\"@type\":\"ImageObject\",\"inLanguage\":\"it-IT\",\"@id\":\"https:\\\/\\\/antique-japan.com\\\/shop\\\/metal-crafts\\\/watering-cans\\\/bonsai-watering-can\\\/#primaryimage\",\"url\":\"https:\\\/\\\/antique-japan.com\\\/wp-content\\\/uploads\\\/2025\\\/03\\\/bonsai-watering-can.jpg\",\"contentUrl\":\"https:\\\/\\\/antique-japan.com\\\/wp-content\\\/uploads\\\/2025\\\/03\\\/bonsai-watering-can.jpg\",\"width\":2560,\"height\":1707,\"caption\":\"bonsai watering can\"},{\"@type\":\"BreadcrumbList\",\"@id\":\"https:\\\/\\\/antique-japan.com\\\/shop\\\/metal-crafts\\\/watering-cans\\\/bonsai-watering-can\\\/#breadcrumb\",\"itemListElement\":[{\"@type\":\"ListItem\",\"position\":1,\"name\":\"Home\",\"item\":\"https:\\\/\\\/antique-japan.com\\\/\"},{\"@type\":\"ListItem\",\"position\":2,\"name\":\"Shop\",\"item\":\"https:\\\/\\\/antique-japan.com\\\/shop\\\/\"},{\"@type\":\"ListItem\",\"position\":3,\"name\":\"Bonsai Watering Can\"}]},{\"@type\":\"WebSite\",\"@id\":\"https:\\\/\\\/antique-japan.com\\\/#website\",\"url\":\"https:\\\/\\\/antique-japan.com\\\/\",\"name\":\"Antique Japan\",\"description\":\"Authentic Japanese Antiques &amp; Art Online \u2013 Edo &amp; Meiji Period\",\"publisher\":{\"@id\":\"https:\\\/\\\/antique-japan.com\\\/#organization\"},\"potentialAction\":[{\"@type\":\"SearchAction\",\"target\":{\"@type\":\"EntryPoint\",\"urlTemplate\":\"https:\\\/\\\/antique-japan.com\\\/?s={search_term_string}\"},\"query-input\":{\"@type\":\"PropertyValueSpecification\",\"valueRequired\":true,\"valueName\":\"search_term_string\"}}],\"inLanguage\":\"it-IT\"},{\"@type\":\"Organization\",\"@id\":\"https:\\\/\\\/antique-japan.com\\\/#organization\",\"name\":\"Antique Japan\",\"url\":\"https:\\\/\\\/antique-japan.com\\\/\",\"logo\":{\"@type\":\"ImageObject\",\"inLanguage\":\"it-IT\",\"@id\":\"https:\\\/\\\/antique-japan.com\\\/#\\\/schema\\\/logo\\\/image\\\/\",\"url\":\"https:\\\/\\\/antique-japan.com\\\/wp-content\\\/uploads\\\/2024\\\/06\\\/Antique-Japan-Full-Logo.webp\",\"contentUrl\":\"https:\\\/\\\/antique-japan.com\\\/wp-content\\\/uploads\\\/2024\\\/06\\\/Antique-Japan-Full-Logo.webp\",\"width\":1100,\"height\":625,\"caption\":\"Antique Japan\"},\"image\":{\"@id\":\"https:\\\/\\\/antique-japan.com\\\/#\\\/schema\\\/logo\\\/image\\\/\"}}]}<\/script>\n<!-- \/ Yoast SEO plugin. -->","yoast_head_json":{"title":"Annaffiatoio per bonsai - Giappone antico","description":"Piccolo Hanamizuji in bronzo, annaffiatoio tradizionale per bonsai, XX secolo","robots":{"index":"index","follow":"follow","max-snippet":"max-snippet:-1","max-image-preview":"max-image-preview:large","max-video-preview":"max-video-preview:-1"},"canonical":"https:\/\/antique-japan.com\/it\/negozio\/artigianato-in-metallo\/annaffiatoi\/annaffiatoio-per-bonsai\/","og_locale":"it_IT","og_type":"article","og_title":"Bonsai Watering Can - Antique Japan","og_description":"Small bronze Hanamizuji, traditional bonsai watering can, XX century","og_url":"https:\/\/antique-japan.com\/it\/negozio\/artigianato-in-metallo\/annaffiatoi\/annaffiatoio-per-bonsai\/","og_site_name":"Antique Japan","article_modified_time":"2026-03-19T13:28:58+00:00","og_image":[{"width":2560,"height":1707,"url":"https:\/\/antique-japan.com\/wp-content\/uploads\/2025\/03\/bonsai-watering-can.jpg","type":"image\/jpeg"}],"twitter_card":"summary_large_image","twitter_misc":{"Tempo di lettura stimato":"1 minuto"},"schema":{"@context":"https:\/\/schema.org","@graph":[{"@type":"WebPage","@id":"https:\/\/antique-japan.com\/shop\/metal-crafts\/watering-cans\/bonsai-watering-can\/","url":"https:\/\/antique-japan.com\/shop\/metal-crafts\/watering-cans\/bonsai-watering-can\/","name":"Annaffiatoio per bonsai - Giappone antico","isPartOf":{"@id":"https:\/\/antique-japan.com\/#website"},"primaryImageOfPage":{"@id":"https:\/\/antique-japan.com\/shop\/metal-crafts\/watering-cans\/bonsai-watering-can\/#primaryimage"},"image":{"@id":"https:\/\/antique-japan.com\/shop\/metal-crafts\/watering-cans\/bonsai-watering-can\/#primaryimage"},"thumbnailUrl":"https:\/\/antique-japan.com\/wp-content\/uploads\/2025\/03\/bonsai-watering-can.jpg","datePublished":"2025-03-27T15:47:41+00:00","dateModified":"2026-03-19T13:28:58+00:00","description":"Piccolo Hanamizuji in bronzo, annaffiatoio tradizionale per bonsai, XX secolo","breadcrumb":{"@id":"https:\/\/antique-japan.com\/shop\/metal-crafts\/watering-cans\/bonsai-watering-can\/#breadcrumb"},"inLanguage":"it-IT","potentialAction":[{"@type":"ReadAction","target":["https:\/\/antique-japan.com\/shop\/metal-crafts\/watering-cans\/bonsai-watering-can\/"]}]},{"@type":"ImageObject","inLanguage":"it-IT","@id":"https:\/\/antique-japan.com\/shop\/metal-crafts\/watering-cans\/bonsai-watering-can\/#primaryimage","url":"https:\/\/antique-japan.com\/wp-content\/uploads\/2025\/03\/bonsai-watering-can.jpg","contentUrl":"https:\/\/antique-japan.com\/wp-content\/uploads\/2025\/03\/bonsai-watering-can.jpg","width":2560,"height":1707,"caption":"bonsai watering can"},{"@type":"BreadcrumbList","@id":"https:\/\/antique-japan.com\/shop\/metal-crafts\/watering-cans\/bonsai-watering-can\/#breadcrumb","itemListElement":[{"@type":"ListItem","position":1,"name":"Home","item":"https:\/\/antique-japan.com\/"},{"@type":"ListItem","position":2,"name":"Shop","item":"https:\/\/antique-japan.com\/shop\/"},{"@type":"ListItem","position":3,"name":"Bonsai Watering Can"}]},{"@type":"WebSite","@id":"https:\/\/antique-japan.com\/#website","url":"https:\/\/antique-japan.com\/","name":"Giappone antico","description":"Autentici oggetti d&#039;antiquariato e arte giapponese online - Periodo Edo e Meiji","publisher":{"@id":"https:\/\/antique-japan.com\/#organization"},"potentialAction":[{"@type":"SearchAction","target":{"@type":"EntryPoint","urlTemplate":"https:\/\/antique-japan.com\/?s={search_term_string}"},"query-input":{"@type":"PropertyValueSpecification","valueRequired":true,"valueName":"search_term_string"}}],"inLanguage":"it-IT"},{"@type":"Organization","@id":"https:\/\/antique-japan.com\/#organization","name":"Giappone antico","url":"https:\/\/antique-japan.com\/","logo":{"@type":"ImageObject","inLanguage":"it-IT","@id":"https:\/\/antique-japan.com\/#\/schema\/logo\/image\/","url":"https:\/\/antique-japan.com\/wp-content\/uploads\/2024\/06\/Antique-Japan-Full-Logo.webp","contentUrl":"https:\/\/antique-japan.com\/wp-content\/uploads\/2024\/06\/Antique-Japan-Full-Logo.webp","width":1100,"height":625,"caption":"Antique Japan"},"image":{"@id":"https:\/\/antique-japan.com\/#\/schema\/logo\/image\/"}}]}},"_links":{"self":[{"href":"https:\/\/antique-japan.com\/it\/wp-json\/wp\/v2\/product\/1481","targetHints":{"allow":["GET"]}}],"collection":[{"href":"https:\/\/antique-japan.com\/it\/wp-json\/wp\/v2\/product"}],"about":[{"href":"https:\/\/antique-japan.com\/it\/wp-json\/wp\/v2\/types\/product"}],"wp:featuredmedia":[{"embeddable":true,"href":"https:\/\/antique-japan.com\/it\/wp-json\/wp\/v2\/media\/1482"}],"wp:attachment":[{"href":"https:\/\/antique-japan.com\/it\/wp-json\/wp\/v2\/media?parent=1481"}],"wp:term":[{"taxonomy":"product_brand","embeddable":true,"href":"https:\/\/antique-japan.com\/it\/wp-json\/wp\/v2\/product_brand?post=1481"},{"taxonomy":"product_cat","embeddable":true,"href":"https:\/\/antique-japan.com\/it\/wp-json\/wp\/v2\/product_cat?post=1481"},{"taxonomy":"product_tag","embeddable":true,"href":"https:\/\/antique-japan.com\/it\/wp-json\/wp\/v2\/product_tag?post=1481"}],"curies":[{"name":"parola chiave","href":"https:\/\/api.w.org\/{rel}","templated":true}]}}