{"id":543,"date":"2024-06-25T18:55:59","date_gmt":"2024-06-25T17:55:59","guid":{"rendered":"https:\/\/antique-japan.com\/?post_type=product&#038;p=543"},"modified":"2026-03-12T10:09:13","modified_gmt":"2026-03-12T09:09:13","slug":"kuro-raku-chawan","status":"publish","type":"product","link":"https:\/\/antique-japan.com\/fr\/shop\/pottery\/kuro-raku\/kuro-raku-chawan\/","title":{"rendered":"Kuro Raku Chawan"},"content":{"rendered":"<p>Bol Kuro Raku Chawan, dans le style de Ninnami D\u014dhachi, c\u00e9l\u00e8bre potier d&#039;Awataguchi (Kyoto), orn\u00e9 d&#039;un h\u00e9ron blanc, XIXe-XXe si\u00e8cle. Fa\u00e7onn\u00e9 \u00e0 la main, l\u00e9g\u00e8rement irr\u00e9gulier, il est recouvert d&#039;une gla\u00e7ure noire profonde, riche et brillante, caract\u00e9ristique du Kuro Raku. La repr\u00e9sentation d&#039;un h\u00e9ron blanc, symbole classique de puret\u00e9 et de gr\u00e2ce, est ce qui distingue cette pi\u00e8ce. Ce bol se d\u00e9tache avec \u00e9l\u00e9gance sur le fond sombre. Il t\u00e9moigne de la sensibilit\u00e9 de D\u014dhachi pour la forme, la nature et l&#039;esth\u00e9tique classique.<\/p>","protected":false},"excerpt":{"rendered":"<p>Kuro Raku Chawan dans le style Ninnami D\u014dhachi avec h\u00e9ron blanc, XIXe \u2013 XXe si\u00e8cle<\/p>","protected":false},"featured_media":544,"template":"","meta":[],"product_brand":[],"product_cat":[52,19],"product_tag":[92,114,94,115,93],"class_list":{"0":"post-543","1":"product","2":"type-product","3":"status-publish","4":"has-post-thumbnail","6":"product_cat-kuro-raku","7":"product_cat-pottery","8":"product_tag-chawan","9":"product_tag-heron","10":"product_tag-kuro-raku","11":"product_tag-ninnami-dohachi","12":"product_tag-pottery","14":"first","15":"instock","16":"sold-individually","17":"shipping-taxable","18":"purchasable","19":"product-type-simple"},"yoast_head":"<!-- This site is optimized with the Yoast SEO plugin v27.4 - https:\/\/yoast.com\/product\/yoast-seo-wordpress\/ -->\n<title>Kuro Raku Chawan - Antique Japan<\/title>\n<meta name=\"description\" content=\"Kuro Raku Chawan in the style of Ninnami D\u014dhachi, famous potter based in Awataguchi in Kyoto, with white heron, XIX - XX Century\" \/>\n<meta name=\"robots\" content=\"index, follow, max-snippet:-1, max-image-preview:large, max-video-preview:-1\" \/>\n<link rel=\"canonical\" href=\"https:\/\/antique-japan.com\/fr\/boutique\/poterie\/kuro-raku\/kuro-raku-chawan\/\" \/>\n<meta property=\"og:locale\" content=\"fr_FR\" \/>\n<meta property=\"og:type\" content=\"article\" \/>\n<meta property=\"og:title\" content=\"Kuro Raku Chawan - Antique Japan\" \/>\n<meta property=\"og:description\" content=\"Kuro Raku Chawan in the style of Ninnami D\u014dhachi, famous potter based in Awataguchi in Kyoto, with white heron, XIX - XX Century\" \/>\n<meta property=\"og:url\" content=\"https:\/\/antique-japan.com\/fr\/boutique\/poterie\/kuro-raku\/kuro-raku-chawan\/\" \/>\n<meta property=\"og:site_name\" content=\"Antique Japan\" \/>\n<meta property=\"article:modified_time\" content=\"2026-03-12T09:09:13+00:00\" \/>\n<meta property=\"og:image\" content=\"https:\/\/antique-japan.com\/wp-content\/uploads\/2024\/06\/kuro-raku-chawan.jpeg\" \/>\n\t<meta property=\"og:image:width\" content=\"2000\" \/>\n\t<meta property=\"og:image:height\" content=\"1333\" \/>\n\t<meta property=\"og:image:type\" content=\"image\/jpeg\" \/>\n<meta name=\"twitter:card\" content=\"summary_large_image\" \/>\n<meta name=\"twitter:label1\" content=\"Dur\u00e9e de lecture estim\u00e9e\" \/>\n\t<meta name=\"twitter:data1\" content=\"1 minute\" \/>\n<script type=\"application\/ld+json\" class=\"yoast-schema-graph\">{\"@context\":\"https:\\\/\\\/schema.org\",\"@graph\":[{\"@type\":\"WebPage\",\"@id\":\"https:\\\/\\\/antique-japan.com\\\/shop\\\/pottery\\\/kuro-raku\\\/kuro-raku-chawan\\\/\",\"url\":\"https:\\\/\\\/antique-japan.com\\\/shop\\\/pottery\\\/kuro-raku\\\/kuro-raku-chawan\\\/\",\"name\":\"Kuro Raku Chawan - Antique Japan\",\"isPartOf\":{\"@id\":\"https:\\\/\\\/antique-japan.com\\\/#website\"},\"primaryImageOfPage\":{\"@id\":\"https:\\\/\\\/antique-japan.com\\\/shop\\\/pottery\\\/kuro-raku\\\/kuro-raku-chawan\\\/#primaryimage\"},\"image\":{\"@id\":\"https:\\\/\\\/antique-japan.com\\\/shop\\\/pottery\\\/kuro-raku\\\/kuro-raku-chawan\\\/#primaryimage\"},\"thumbnailUrl\":\"https:\\\/\\\/antique-japan.com\\\/wp-content\\\/uploads\\\/2024\\\/06\\\/kuro-raku-chawan.jpeg\",\"datePublished\":\"2024-06-25T17:55:59+00:00\",\"dateModified\":\"2026-03-12T09:09:13+00:00\",\"description\":\"Kuro Raku Chawan in the style of Ninnami D\u014dhachi, famous potter based in Awataguchi in Kyoto, with white heron, XIX - XX Century\",\"breadcrumb\":{\"@id\":\"https:\\\/\\\/antique-japan.com\\\/shop\\\/pottery\\\/kuro-raku\\\/kuro-raku-chawan\\\/#breadcrumb\"},\"inLanguage\":\"fr-FR\",\"potentialAction\":[{\"@type\":\"ReadAction\",\"target\":[\"https:\\\/\\\/antique-japan.com\\\/shop\\\/pottery\\\/kuro-raku\\\/kuro-raku-chawan\\\/\"]}]},{\"@type\":\"ImageObject\",\"inLanguage\":\"fr-FR\",\"@id\":\"https:\\\/\\\/antique-japan.com\\\/shop\\\/pottery\\\/kuro-raku\\\/kuro-raku-chawan\\\/#primaryimage\",\"url\":\"https:\\\/\\\/antique-japan.com\\\/wp-content\\\/uploads\\\/2024\\\/06\\\/kuro-raku-chawan.jpeg\",\"contentUrl\":\"https:\\\/\\\/antique-japan.com\\\/wp-content\\\/uploads\\\/2024\\\/06\\\/kuro-raku-chawan.jpeg\",\"width\":2000,\"height\":1333,\"caption\":\"Kuro Raku Chawan\"},{\"@type\":\"BreadcrumbList\",\"@id\":\"https:\\\/\\\/antique-japan.com\\\/shop\\\/pottery\\\/kuro-raku\\\/kuro-raku-chawan\\\/#breadcrumb\",\"itemListElement\":[{\"@type\":\"ListItem\",\"position\":1,\"name\":\"Home\",\"item\":\"https:\\\/\\\/antique-japan.com\\\/\"},{\"@type\":\"ListItem\",\"position\":2,\"name\":\"Shop\",\"item\":\"https:\\\/\\\/antique-japan.com\\\/shop\\\/\"},{\"@type\":\"ListItem\",\"position\":3,\"name\":\"Kuro Raku Chawan\"}]},{\"@type\":\"WebSite\",\"@id\":\"https:\\\/\\\/antique-japan.com\\\/#website\",\"url\":\"https:\\\/\\\/antique-japan.com\\\/\",\"name\":\"Antique Japan\",\"description\":\"Authentic Japanese Antiques &amp; Art Online \u2013 Edo &amp; Meiji Period\",\"publisher\":{\"@id\":\"https:\\\/\\\/antique-japan.com\\\/#organization\"},\"potentialAction\":[{\"@type\":\"SearchAction\",\"target\":{\"@type\":\"EntryPoint\",\"urlTemplate\":\"https:\\\/\\\/antique-japan.com\\\/?s={search_term_string}\"},\"query-input\":{\"@type\":\"PropertyValueSpecification\",\"valueRequired\":true,\"valueName\":\"search_term_string\"}}],\"inLanguage\":\"fr-FR\"},{\"@type\":\"Organization\",\"@id\":\"https:\\\/\\\/antique-japan.com\\\/#organization\",\"name\":\"Antique Japan\",\"url\":\"https:\\\/\\\/antique-japan.com\\\/\",\"logo\":{\"@type\":\"ImageObject\",\"inLanguage\":\"fr-FR\",\"@id\":\"https:\\\/\\\/antique-japan.com\\\/#\\\/schema\\\/logo\\\/image\\\/\",\"url\":\"https:\\\/\\\/antique-japan.com\\\/wp-content\\\/uploads\\\/2024\\\/06\\\/Antique-Japan-Full-Logo.webp\",\"contentUrl\":\"https:\\\/\\\/antique-japan.com\\\/wp-content\\\/uploads\\\/2024\\\/06\\\/Antique-Japan-Full-Logo.webp\",\"width\":1100,\"height\":625,\"caption\":\"Antique Japan\"},\"image\":{\"@id\":\"https:\\\/\\\/antique-japan.com\\\/#\\\/schema\\\/logo\\\/image\\\/\"}}]}<\/script>\n<!-- \/ Yoast SEO plugin. -->","yoast_head_json":{"title":"Kuro Raku Chawan - Japon Antique","description":"Kuro Raku Chawan dans le style de Ninnami D\u014dhachi, c\u00e9l\u00e8bre potier d&#039;Awataguchi (Kyoto), orn\u00e9 d&#039;un h\u00e9ron blanc, XIXe-XXe si\u00e8cle","robots":{"index":"index","follow":"follow","max-snippet":"max-snippet:-1","max-image-preview":"max-image-preview:large","max-video-preview":"max-video-preview:-1"},"canonical":"https:\/\/antique-japan.com\/fr\/boutique\/poterie\/kuro-raku\/kuro-raku-chawan\/","og_locale":"fr_FR","og_type":"article","og_title":"Kuro Raku Chawan - Antique Japan","og_description":"Kuro Raku Chawan in the style of Ninnami D\u014dhachi, famous potter based in Awataguchi in Kyoto, with white heron, XIX - XX Century","og_url":"https:\/\/antique-japan.com\/fr\/boutique\/poterie\/kuro-raku\/kuro-raku-chawan\/","og_site_name":"Antique Japan","article_modified_time":"2026-03-12T09:09:13+00:00","og_image":[{"width":2000,"height":1333,"url":"https:\/\/antique-japan.com\/wp-content\/uploads\/2024\/06\/kuro-raku-chawan.jpeg","type":"image\/jpeg"}],"twitter_card":"summary_large_image","twitter_misc":{"Dur\u00e9e de lecture estim\u00e9e":"1 minute"},"schema":{"@context":"https:\/\/schema.org","@graph":[{"@type":"WebPage","@id":"https:\/\/antique-japan.com\/shop\/pottery\/kuro-raku\/kuro-raku-chawan\/","url":"https:\/\/antique-japan.com\/shop\/pottery\/kuro-raku\/kuro-raku-chawan\/","name":"Kuro Raku Chawan - Japon Antique","isPartOf":{"@id":"https:\/\/antique-japan.com\/#website"},"primaryImageOfPage":{"@id":"https:\/\/antique-japan.com\/shop\/pottery\/kuro-raku\/kuro-raku-chawan\/#primaryimage"},"image":{"@id":"https:\/\/antique-japan.com\/shop\/pottery\/kuro-raku\/kuro-raku-chawan\/#primaryimage"},"thumbnailUrl":"https:\/\/antique-japan.com\/wp-content\/uploads\/2024\/06\/kuro-raku-chawan.jpeg","datePublished":"2024-06-25T17:55:59+00:00","dateModified":"2026-03-12T09:09:13+00:00","description":"Kuro Raku Chawan dans le style de Ninnami D\u014dhachi, c\u00e9l\u00e8bre potier d&#039;Awataguchi (Kyoto), orn\u00e9 d&#039;un h\u00e9ron blanc, XIXe-XXe si\u00e8cle","breadcrumb":{"@id":"https:\/\/antique-japan.com\/shop\/pottery\/kuro-raku\/kuro-raku-chawan\/#breadcrumb"},"inLanguage":"fr-FR","potentialAction":[{"@type":"ReadAction","target":["https:\/\/antique-japan.com\/shop\/pottery\/kuro-raku\/kuro-raku-chawan\/"]}]},{"@type":"ImageObject","inLanguage":"fr-FR","@id":"https:\/\/antique-japan.com\/shop\/pottery\/kuro-raku\/kuro-raku-chawan\/#primaryimage","url":"https:\/\/antique-japan.com\/wp-content\/uploads\/2024\/06\/kuro-raku-chawan.jpeg","contentUrl":"https:\/\/antique-japan.com\/wp-content\/uploads\/2024\/06\/kuro-raku-chawan.jpeg","width":2000,"height":1333,"caption":"Kuro Raku Chawan"},{"@type":"BreadcrumbList","@id":"https:\/\/antique-japan.com\/shop\/pottery\/kuro-raku\/kuro-raku-chawan\/#breadcrumb","itemListElement":[{"@type":"ListItem","position":1,"name":"Home","item":"https:\/\/antique-japan.com\/"},{"@type":"ListItem","position":2,"name":"Shop","item":"https:\/\/antique-japan.com\/shop\/"},{"@type":"ListItem","position":3,"name":"Kuro Raku Chawan"}]},{"@type":"WebSite","@id":"https:\/\/antique-japan.com\/#website","url":"https:\/\/antique-japan.com\/","name":"Japon antique","description":"Antiquit\u00e9s et \u0153uvres d&#039;art japonaises authentiques en ligne \u2013 \u00c9poques Edo et Meiji","publisher":{"@id":"https:\/\/antique-japan.com\/#organization"},"potentialAction":[{"@type":"SearchAction","target":{"@type":"EntryPoint","urlTemplate":"https:\/\/antique-japan.com\/?s={search_term_string}"},"query-input":{"@type":"PropertyValueSpecification","valueRequired":true,"valueName":"search_term_string"}}],"inLanguage":"fr-FR"},{"@type":"Organization","@id":"https:\/\/antique-japan.com\/#organization","name":"Japon antique","url":"https:\/\/antique-japan.com\/","logo":{"@type":"ImageObject","inLanguage":"fr-FR","@id":"https:\/\/antique-japan.com\/#\/schema\/logo\/image\/","url":"https:\/\/antique-japan.com\/wp-content\/uploads\/2024\/06\/Antique-Japan-Full-Logo.webp","contentUrl":"https:\/\/antique-japan.com\/wp-content\/uploads\/2024\/06\/Antique-Japan-Full-Logo.webp","width":1100,"height":625,"caption":"Antique Japan"},"image":{"@id":"https:\/\/antique-japan.com\/#\/schema\/logo\/image\/"}}]}},"_links":{"self":[{"href":"https:\/\/antique-japan.com\/fr\/wp-json\/wp\/v2\/product\/543","targetHints":{"allow":["GET"]}}],"collection":[{"href":"https:\/\/antique-japan.com\/fr\/wp-json\/wp\/v2\/product"}],"about":[{"href":"https:\/\/antique-japan.com\/fr\/wp-json\/wp\/v2\/types\/product"}],"wp:featuredmedia":[{"embeddable":true,"href":"https:\/\/antique-japan.com\/fr\/wp-json\/wp\/v2\/media\/544"}],"wp:attachment":[{"href":"https:\/\/antique-japan.com\/fr\/wp-json\/wp\/v2\/media?parent=543"}],"wp:term":[{"taxonomy":"product_brand","embeddable":true,"href":"https:\/\/antique-japan.com\/fr\/wp-json\/wp\/v2\/product_brand?post=543"},{"taxonomy":"product_cat","embeddable":true,"href":"https:\/\/antique-japan.com\/fr\/wp-json\/wp\/v2\/product_cat?post=543"},{"taxonomy":"product_tag","embeddable":true,"href":"https:\/\/antique-japan.com\/fr\/wp-json\/wp\/v2\/product_tag?post=543"}],"curies":[{"name":"wp","href":"https:\/\/api.w.org\/{rel}","templated":true}]}}