{"id":497,"date":"2024-06-25T10:00:36","date_gmt":"2024-06-25T09:00:36","guid":{"rendered":"https:\/\/antique-japan.com\/?post_type=product&#038;p=497"},"modified":"2026-03-12T10:11:03","modified_gmt":"2026-03-12T09:11:03","slug":"ceremonie-du-the-kuro-raku-chawan","status":"publish","type":"product","link":"https:\/\/antique-japan.com\/fr\/shop\/pottery\/kuro-raku\/kuro-raku-tea-ceremony-chawan\/","title":{"rendered":"C\u00e9r\u00e9monie du th\u00e9 Kuro Raku Chawan"},"content":{"rendered":"<p>Bol \u00e0 th\u00e9 Kuro Raku (chawan) de Sawada Hiroyuki, district de Kurokawa pr\u00e8s du mont Myoken, XXe si\u00e8cle. La surface du bol, riche et brillante, pr\u00e9sente de subtiles variations de lustre dues \u00e0 la cuisson en r\u00e9duction, lui conf\u00e9rant un aspect organique. Sa forme arrondie aux contours l\u00e9g\u00e8rement asym\u00e9triques t\u00e9moigne de sa fabrication artisanale. Le savoir-faire d&#039;Hiroyuki souligne la simplicit\u00e9 et l&#039;\u00e9l\u00e9gance de la r\u00e9gion de Kurokawa. L&#039;\u0153uvre de Sawada Hiroyuki, dont des pi\u00e8ces comme ce bol \u00e0 th\u00e9 rouge sign\u00e9 \u201c Guei, Mont Myoken, Kurokawa, Hiroyuki Sawada \u201d, refl\u00e8te les traditions c\u00e9ramiques r\u00e9gionales. La r\u00e9gion de Kurokawa, situ\u00e9e au pied du mont Myoken, est r\u00e9put\u00e9e pour ses paysages de Satoyama, un m\u00e9lange de for\u00eats et de terres cultiv\u00e9es qui a influenc\u00e9 l&#039;artisanat local. Cet environnement fa\u00e7onne les cr\u00e9ations c\u00e9ramiques de Sawada, qui allie techniques traditionnelles et beaut\u00e9 naturelle.<\/p>","protected":false},"excerpt":{"rendered":"<p>Chawan de c\u00e9r\u00e9monie du th\u00e9 Kuro Raku par Sawada Hiroyuki, XXe si\u00e8cle<\/p>","protected":false},"featured_media":498,"template":"","meta":[],"product_brand":[],"product_cat":[52,19],"product_tag":[92,94,93,123],"class_list":{"0":"post-497","1":"product","2":"type-product","3":"status-publish","4":"has-post-thumbnail","6":"product_cat-kuro-raku","7":"product_cat-pottery","8":"product_tag-chawan","9":"product_tag-kuro-raku","10":"product_tag-pottery","11":"product_tag-sawada-hiroyuki","13":"first","14":"instock","15":"sold-individually","16":"shipping-taxable","17":"purchasable","18":"product-type-simple"},"yoast_head":"<!-- This site is optimized with the Yoast SEO plugin v27.4 - https:\/\/yoast.com\/product\/yoast-seo-wordpress\/ -->\n<title>Kuro Raku Tea Ceremony Chawan - Antique Japan<\/title>\n<meta name=\"description\" content=\"Kuro Raku Tea Ceremony chawan by Sawada Hiroyuki, Kurokawa district near Mt. Myoken, XX Century\" \/>\n<meta name=\"robots\" content=\"index, follow, max-snippet:-1, max-image-preview:large, max-video-preview:-1\" \/>\n<link rel=\"canonical\" href=\"https:\/\/antique-japan.com\/fr\/boutique\/poterie\/kuro-raku\/ceremonie-du-the-kuro-raku-chawan\/\" \/>\n<meta property=\"og:locale\" content=\"fr_FR\" \/>\n<meta property=\"og:type\" content=\"article\" \/>\n<meta property=\"og:title\" content=\"Kuro Raku Tea Ceremony Chawan - Antique Japan\" \/>\n<meta property=\"og:description\" content=\"Kuro Raku Tea Ceremony chawan by Sawada Hiroyuki, Kurokawa district near Mt. Myoken, XX Century\" \/>\n<meta property=\"og:url\" content=\"https:\/\/antique-japan.com\/fr\/boutique\/poterie\/kuro-raku\/ceremonie-du-the-kuro-raku-chawan\/\" \/>\n<meta property=\"og:site_name\" content=\"Antique Japan\" \/>\n<meta property=\"article:modified_time\" content=\"2026-03-12T09:11:03+00:00\" \/>\n<meta property=\"og:image\" content=\"https:\/\/antique-japan.com\/wp-content\/uploads\/2024\/06\/kuro-raku-tea-ceremony-chawan.jpeg\" \/>\n\t<meta property=\"og:image:width\" content=\"2000\" \/>\n\t<meta property=\"og:image:height\" content=\"1333\" \/>\n\t<meta property=\"og:image:type\" content=\"image\/jpeg\" \/>\n<meta name=\"twitter:card\" content=\"summary_large_image\" \/>\n<meta name=\"twitter:label1\" content=\"Dur\u00e9e de lecture estim\u00e9e\" \/>\n\t<meta name=\"twitter:data1\" content=\"1 minute\" \/>\n<script type=\"application\/ld+json\" class=\"yoast-schema-graph\">{\"@context\":\"https:\\\/\\\/schema.org\",\"@graph\":[{\"@type\":\"WebPage\",\"@id\":\"https:\\\/\\\/antique-japan.com\\\/shop\\\/pottery\\\/kuro-raku\\\/kuro-raku-tea-ceremony-chawan\\\/\",\"url\":\"https:\\\/\\\/antique-japan.com\\\/shop\\\/pottery\\\/kuro-raku\\\/kuro-raku-tea-ceremony-chawan\\\/\",\"name\":\"Kuro Raku Tea Ceremony Chawan - Antique Japan\",\"isPartOf\":{\"@id\":\"https:\\\/\\\/antique-japan.com\\\/#website\"},\"primaryImageOfPage\":{\"@id\":\"https:\\\/\\\/antique-japan.com\\\/shop\\\/pottery\\\/kuro-raku\\\/kuro-raku-tea-ceremony-chawan\\\/#primaryimage\"},\"image\":{\"@id\":\"https:\\\/\\\/antique-japan.com\\\/shop\\\/pottery\\\/kuro-raku\\\/kuro-raku-tea-ceremony-chawan\\\/#primaryimage\"},\"thumbnailUrl\":\"https:\\\/\\\/antique-japan.com\\\/wp-content\\\/uploads\\\/2024\\\/06\\\/kuro-raku-tea-ceremony-chawan.jpeg\",\"datePublished\":\"2024-06-25T09:00:36+00:00\",\"dateModified\":\"2026-03-12T09:11:03+00:00\",\"description\":\"Kuro Raku Tea Ceremony chawan by Sawada Hiroyuki, Kurokawa district near Mt. Myoken, XX Century\",\"breadcrumb\":{\"@id\":\"https:\\\/\\\/antique-japan.com\\\/shop\\\/pottery\\\/kuro-raku\\\/kuro-raku-tea-ceremony-chawan\\\/#breadcrumb\"},\"inLanguage\":\"fr-FR\",\"potentialAction\":[{\"@type\":\"ReadAction\",\"target\":[\"https:\\\/\\\/antique-japan.com\\\/shop\\\/pottery\\\/kuro-raku\\\/kuro-raku-tea-ceremony-chawan\\\/\"]}]},{\"@type\":\"ImageObject\",\"inLanguage\":\"fr-FR\",\"@id\":\"https:\\\/\\\/antique-japan.com\\\/shop\\\/pottery\\\/kuro-raku\\\/kuro-raku-tea-ceremony-chawan\\\/#primaryimage\",\"url\":\"https:\\\/\\\/antique-japan.com\\\/wp-content\\\/uploads\\\/2024\\\/06\\\/kuro-raku-tea-ceremony-chawan.jpeg\",\"contentUrl\":\"https:\\\/\\\/antique-japan.com\\\/wp-content\\\/uploads\\\/2024\\\/06\\\/kuro-raku-tea-ceremony-chawan.jpeg\",\"width\":2000,\"height\":1333,\"caption\":\"Kuro Raku Tea Ceremony Chawan\"},{\"@type\":\"BreadcrumbList\",\"@id\":\"https:\\\/\\\/antique-japan.com\\\/shop\\\/pottery\\\/kuro-raku\\\/kuro-raku-tea-ceremony-chawan\\\/#breadcrumb\",\"itemListElement\":[{\"@type\":\"ListItem\",\"position\":1,\"name\":\"Home\",\"item\":\"https:\\\/\\\/antique-japan.com\\\/\"},{\"@type\":\"ListItem\",\"position\":2,\"name\":\"Shop\",\"item\":\"https:\\\/\\\/antique-japan.com\\\/shop\\\/\"},{\"@type\":\"ListItem\",\"position\":3,\"name\":\"Kuro Raku Tea Ceremony Chawan\"}]},{\"@type\":\"WebSite\",\"@id\":\"https:\\\/\\\/antique-japan.com\\\/#website\",\"url\":\"https:\\\/\\\/antique-japan.com\\\/\",\"name\":\"Antique Japan\",\"description\":\"Authentic Japanese Antiques &amp; Art Online \u2013 Edo &amp; Meiji Period\",\"publisher\":{\"@id\":\"https:\\\/\\\/antique-japan.com\\\/#organization\"},\"potentialAction\":[{\"@type\":\"SearchAction\",\"target\":{\"@type\":\"EntryPoint\",\"urlTemplate\":\"https:\\\/\\\/antique-japan.com\\\/?s={search_term_string}\"},\"query-input\":{\"@type\":\"PropertyValueSpecification\",\"valueRequired\":true,\"valueName\":\"search_term_string\"}}],\"inLanguage\":\"fr-FR\"},{\"@type\":\"Organization\",\"@id\":\"https:\\\/\\\/antique-japan.com\\\/#organization\",\"name\":\"Antique Japan\",\"url\":\"https:\\\/\\\/antique-japan.com\\\/\",\"logo\":{\"@type\":\"ImageObject\",\"inLanguage\":\"fr-FR\",\"@id\":\"https:\\\/\\\/antique-japan.com\\\/#\\\/schema\\\/logo\\\/image\\\/\",\"url\":\"https:\\\/\\\/antique-japan.com\\\/wp-content\\\/uploads\\\/2024\\\/06\\\/Antique-Japan-Full-Logo.webp\",\"contentUrl\":\"https:\\\/\\\/antique-japan.com\\\/wp-content\\\/uploads\\\/2024\\\/06\\\/Antique-Japan-Full-Logo.webp\",\"width\":1100,\"height\":625,\"caption\":\"Antique Japan\"},\"image\":{\"@id\":\"https:\\\/\\\/antique-japan.com\\\/#\\\/schema\\\/logo\\\/image\\\/\"}}]}<\/script>\n<!-- \/ Yoast SEO plugin. -->","yoast_head_json":{"title":"Kuro Raku C\u00e9r\u00e9monie du Th\u00e9 Chawan - Japon Antique","description":"Chawan de la c\u00e9r\u00e9monie du th\u00e9 Kuro Raku par Sawada Hiroyuki, district de Kurokawa pr\u00e8s du mont Myoken, XXe si\u00e8cle","robots":{"index":"index","follow":"follow","max-snippet":"max-snippet:-1","max-image-preview":"max-image-preview:large","max-video-preview":"max-video-preview:-1"},"canonical":"https:\/\/antique-japan.com\/fr\/boutique\/poterie\/kuro-raku\/ceremonie-du-the-kuro-raku-chawan\/","og_locale":"fr_FR","og_type":"article","og_title":"Kuro Raku Tea Ceremony Chawan - Antique Japan","og_description":"Kuro Raku Tea Ceremony chawan by Sawada Hiroyuki, Kurokawa district near Mt. Myoken, XX Century","og_url":"https:\/\/antique-japan.com\/fr\/boutique\/poterie\/kuro-raku\/ceremonie-du-the-kuro-raku-chawan\/","og_site_name":"Antique Japan","article_modified_time":"2026-03-12T09:11:03+00:00","og_image":[{"width":2000,"height":1333,"url":"https:\/\/antique-japan.com\/wp-content\/uploads\/2024\/06\/kuro-raku-tea-ceremony-chawan.jpeg","type":"image\/jpeg"}],"twitter_card":"summary_large_image","twitter_misc":{"Dur\u00e9e de lecture estim\u00e9e":"1 minute"},"schema":{"@context":"https:\/\/schema.org","@graph":[{"@type":"WebPage","@id":"https:\/\/antique-japan.com\/shop\/pottery\/kuro-raku\/kuro-raku-tea-ceremony-chawan\/","url":"https:\/\/antique-japan.com\/shop\/pottery\/kuro-raku\/kuro-raku-tea-ceremony-chawan\/","name":"Kuro Raku C\u00e9r\u00e9monie du Th\u00e9 Chawan - Japon Antique","isPartOf":{"@id":"https:\/\/antique-japan.com\/#website"},"primaryImageOfPage":{"@id":"https:\/\/antique-japan.com\/shop\/pottery\/kuro-raku\/kuro-raku-tea-ceremony-chawan\/#primaryimage"},"image":{"@id":"https:\/\/antique-japan.com\/shop\/pottery\/kuro-raku\/kuro-raku-tea-ceremony-chawan\/#primaryimage"},"thumbnailUrl":"https:\/\/antique-japan.com\/wp-content\/uploads\/2024\/06\/kuro-raku-tea-ceremony-chawan.jpeg","datePublished":"2024-06-25T09:00:36+00:00","dateModified":"2026-03-12T09:11:03+00:00","description":"Chawan de la c\u00e9r\u00e9monie du th\u00e9 Kuro Raku par Sawada Hiroyuki, district de Kurokawa pr\u00e8s du mont Myoken, XXe si\u00e8cle","breadcrumb":{"@id":"https:\/\/antique-japan.com\/shop\/pottery\/kuro-raku\/kuro-raku-tea-ceremony-chawan\/#breadcrumb"},"inLanguage":"fr-FR","potentialAction":[{"@type":"ReadAction","target":["https:\/\/antique-japan.com\/shop\/pottery\/kuro-raku\/kuro-raku-tea-ceremony-chawan\/"]}]},{"@type":"ImageObject","inLanguage":"fr-FR","@id":"https:\/\/antique-japan.com\/shop\/pottery\/kuro-raku\/kuro-raku-tea-ceremony-chawan\/#primaryimage","url":"https:\/\/antique-japan.com\/wp-content\/uploads\/2024\/06\/kuro-raku-tea-ceremony-chawan.jpeg","contentUrl":"https:\/\/antique-japan.com\/wp-content\/uploads\/2024\/06\/kuro-raku-tea-ceremony-chawan.jpeg","width":2000,"height":1333,"caption":"Kuro Raku Tea Ceremony Chawan"},{"@type":"BreadcrumbList","@id":"https:\/\/antique-japan.com\/shop\/pottery\/kuro-raku\/kuro-raku-tea-ceremony-chawan\/#breadcrumb","itemListElement":[{"@type":"ListItem","position":1,"name":"Home","item":"https:\/\/antique-japan.com\/"},{"@type":"ListItem","position":2,"name":"Shop","item":"https:\/\/antique-japan.com\/shop\/"},{"@type":"ListItem","position":3,"name":"Kuro Raku Tea Ceremony Chawan"}]},{"@type":"WebSite","@id":"https:\/\/antique-japan.com\/#website","url":"https:\/\/antique-japan.com\/","name":"Japon antique","description":"Antiquit\u00e9s et \u0153uvres d&#039;art japonaises authentiques en ligne \u2013 \u00c9poques Edo et Meiji","publisher":{"@id":"https:\/\/antique-japan.com\/#organization"},"potentialAction":[{"@type":"SearchAction","target":{"@type":"EntryPoint","urlTemplate":"https:\/\/antique-japan.com\/?s={search_term_string}"},"query-input":{"@type":"PropertyValueSpecification","valueRequired":true,"valueName":"search_term_string"}}],"inLanguage":"fr-FR"},{"@type":"Organization","@id":"https:\/\/antique-japan.com\/#organization","name":"Japon antique","url":"https:\/\/antique-japan.com\/","logo":{"@type":"ImageObject","inLanguage":"fr-FR","@id":"https:\/\/antique-japan.com\/#\/schema\/logo\/image\/","url":"https:\/\/antique-japan.com\/wp-content\/uploads\/2024\/06\/Antique-Japan-Full-Logo.webp","contentUrl":"https:\/\/antique-japan.com\/wp-content\/uploads\/2024\/06\/Antique-Japan-Full-Logo.webp","width":1100,"height":625,"caption":"Antique Japan"},"image":{"@id":"https:\/\/antique-japan.com\/#\/schema\/logo\/image\/"}}]}},"_links":{"self":[{"href":"https:\/\/antique-japan.com\/fr\/wp-json\/wp\/v2\/product\/497","targetHints":{"allow":["GET"]}}],"collection":[{"href":"https:\/\/antique-japan.com\/fr\/wp-json\/wp\/v2\/product"}],"about":[{"href":"https:\/\/antique-japan.com\/fr\/wp-json\/wp\/v2\/types\/product"}],"wp:featuredmedia":[{"embeddable":true,"href":"https:\/\/antique-japan.com\/fr\/wp-json\/wp\/v2\/media\/498"}],"wp:attachment":[{"href":"https:\/\/antique-japan.com\/fr\/wp-json\/wp\/v2\/media?parent=497"}],"wp:term":[{"taxonomy":"product_brand","embeddable":true,"href":"https:\/\/antique-japan.com\/fr\/wp-json\/wp\/v2\/product_brand?post=497"},{"taxonomy":"product_cat","embeddable":true,"href":"https:\/\/antique-japan.com\/fr\/wp-json\/wp\/v2\/product_cat?post=497"},{"taxonomy":"product_tag","embeddable":true,"href":"https:\/\/antique-japan.com\/fr\/wp-json\/wp\/v2\/product_tag?post=497"}],"curies":[{"name":"wp","href":"https:\/\/api.w.org\/{rel}","templated":true}]}}