{"id":2248,"date":"2026-04-20T13:26:31","date_gmt":"2026-04-20T12:26:31","guid":{"rendered":"https:\/\/antique-japan.com\/?post_type=product&#038;p=2248"},"modified":"2026-04-20T13:26:31","modified_gmt":"2026-04-20T12:26:31","slug":"deux-mainates-sur-une-branche-de-prunier-peinture","status":"publish","type":"product","link":"https:\/\/antique-japan.com\/fr\/shop\/paintings\/tsuitate\/two-mynahs-on-a-plum-branch-painting\/","title":{"rendered":"Peinture de deux mainates sur une branche de prunier"},"content":{"rendered":"<p>Peinture chinoise repr\u00e9sentant deux oiseaux perch\u00e9s sur une branche de prunier en fleurs. Peinture classique chinoise de fleurs et d&#039;oiseaux (huaniao-hua), caract\u00e9ris\u00e9e par une touche de pinceau d\u00e9taill\u00e9e et un \u00e9quilibre de composition. Traditionnellement, ces peintures symbolisent des significations propices\u00a0: les fleurs de prunier repr\u00e9sentent souvent l&#039;endurance et l&#039;espoir, et les paires d&#039;oiseaux, l&#039;harmonie ou l&#039;amour. Bien que ce rouleau corresponde au style de plusieurs artistes des dynasties Ming et Qing, il partage de fortes caract\u00e9ristiques visuelles avec les \u0153uvres de Bian Jingzhao, Shen Quan et Ma Yuanyu. Encadr\u00e9 de tissu vert, son format est similaire \u00e0 celui du tsuitate japonais. Dimensions\u00a0: 42 x 58,5 cm<\/p>","protected":false},"excerpt":{"rendered":"<p>Peinture chinoise repr\u00e9sentant deux oiseaux perch\u00e9s sur une branche de prunier en fleurs<\/p>","protected":false},"featured_media":2250,"template":"","meta":[],"product_brand":[],"product_cat":[127,188],"product_tag":[191,189,193],"class_list":{"0":"post-2248","1":"product","2":"type-product","3":"status-publish","4":"has-post-thumbnail","6":"product_cat-paintings","7":"product_cat-tsuitate","8":"product_tag-huaniao-hua","9":"product_tag-painting","10":"product_tag-plum","12":"first","13":"instock","14":"sold-individually","15":"shipping-taxable","16":"purchasable","17":"product-type-simple"},"yoast_head":"<!-- This site is optimized with the Yoast SEO plugin v27.4 - https:\/\/yoast.com\/product\/yoast-seo-wordpress\/ -->\n<title>Two Mynahs on a Plum Branch Painting - Antique Japan<\/title>\n<meta name=\"description\" content=\"Chinese painting featuring two birds perched on a plum blossom branch. Classical Chinese flower-and-bird (huaniao-hua) painting\" \/>\n<meta name=\"robots\" content=\"index, follow, max-snippet:-1, max-image-preview:large, max-video-preview:-1\" \/>\n<link rel=\"canonical\" href=\"https:\/\/antique-japan.com\/fr\/boutique\/tableaux\/tsuitate\/deux-mainates-sur-une-branche-de-prunier-peinture\/\" \/>\n<meta property=\"og:locale\" content=\"fr_FR\" \/>\n<meta property=\"og:type\" content=\"article\" \/>\n<meta property=\"og:title\" content=\"Two Mynahs on a Plum Branch Painting - Antique Japan\" \/>\n<meta property=\"og:description\" content=\"Chinese painting featuring two birds perched on a plum blossom branch. Classical Chinese flower-and-bird (huaniao-hua) painting\" \/>\n<meta property=\"og:url\" content=\"https:\/\/antique-japan.com\/fr\/boutique\/tableaux\/tsuitate\/deux-mainates-sur-une-branche-de-prunier-peinture\/\" \/>\n<meta property=\"og:site_name\" content=\"Antique Japan\" \/>\n<meta property=\"og:image\" content=\"https:\/\/antique-japan.com\/wp-content\/uploads\/2026\/04\/tsuitate-painting-shen-quan-1.webp\" \/>\n\t<meta property=\"og:image:width\" content=\"1333\" \/>\n\t<meta property=\"og:image:height\" content=\"2000\" \/>\n\t<meta property=\"og:image:type\" content=\"image\/webp\" \/>\n<meta name=\"twitter:card\" content=\"summary_large_image\" \/>\n<meta name=\"twitter:label1\" content=\"Dur\u00e9e de lecture estim\u00e9e\" \/>\n\t<meta name=\"twitter:data1\" content=\"1 minute\" \/>\n<script type=\"application\/ld+json\" class=\"yoast-schema-graph\">{\"@context\":\"https:\\\/\\\/schema.org\",\"@graph\":[{\"@type\":\"WebPage\",\"@id\":\"https:\\\/\\\/antique-japan.com\\\/shop\\\/paintings\\\/tsuitate\\\/two-mynahs-on-a-plum-branch-painting\\\/\",\"url\":\"https:\\\/\\\/antique-japan.com\\\/shop\\\/paintings\\\/tsuitate\\\/two-mynahs-on-a-plum-branch-painting\\\/\",\"name\":\"Two Mynahs on a Plum Branch Painting - Antique Japan\",\"isPartOf\":{\"@id\":\"https:\\\/\\\/antique-japan.com\\\/#website\"},\"primaryImageOfPage\":{\"@id\":\"https:\\\/\\\/antique-japan.com\\\/shop\\\/paintings\\\/tsuitate\\\/two-mynahs-on-a-plum-branch-painting\\\/#primaryimage\"},\"image\":{\"@id\":\"https:\\\/\\\/antique-japan.com\\\/shop\\\/paintings\\\/tsuitate\\\/two-mynahs-on-a-plum-branch-painting\\\/#primaryimage\"},\"thumbnailUrl\":\"https:\\\/\\\/antique-japan.com\\\/wp-content\\\/uploads\\\/2026\\\/04\\\/tsuitate-painting-shen-quan-1.webp\",\"datePublished\":\"2026-04-20T12:26:31+00:00\",\"description\":\"Chinese painting featuring two birds perched on a plum blossom branch. Classical Chinese flower-and-bird (huaniao-hua) painting\",\"breadcrumb\":{\"@id\":\"https:\\\/\\\/antique-japan.com\\\/shop\\\/paintings\\\/tsuitate\\\/two-mynahs-on-a-plum-branch-painting\\\/#breadcrumb\"},\"inLanguage\":\"fr-FR\",\"potentialAction\":[{\"@type\":\"ReadAction\",\"target\":[\"https:\\\/\\\/antique-japan.com\\\/shop\\\/paintings\\\/tsuitate\\\/two-mynahs-on-a-plum-branch-painting\\\/\"]}]},{\"@type\":\"ImageObject\",\"inLanguage\":\"fr-FR\",\"@id\":\"https:\\\/\\\/antique-japan.com\\\/shop\\\/paintings\\\/tsuitate\\\/two-mynahs-on-a-plum-branch-painting\\\/#primaryimage\",\"url\":\"https:\\\/\\\/antique-japan.com\\\/wp-content\\\/uploads\\\/2026\\\/04\\\/tsuitate-painting-shen-quan-1.webp\",\"contentUrl\":\"https:\\\/\\\/antique-japan.com\\\/wp-content\\\/uploads\\\/2026\\\/04\\\/tsuitate-painting-shen-quan-1.webp\",\"width\":1333,\"height\":2000},{\"@type\":\"BreadcrumbList\",\"@id\":\"https:\\\/\\\/antique-japan.com\\\/shop\\\/paintings\\\/tsuitate\\\/two-mynahs-on-a-plum-branch-painting\\\/#breadcrumb\",\"itemListElement\":[{\"@type\":\"ListItem\",\"position\":1,\"name\":\"Home\",\"item\":\"https:\\\/\\\/antique-japan.com\\\/\"},{\"@type\":\"ListItem\",\"position\":2,\"name\":\"Shop\",\"item\":\"https:\\\/\\\/antique-japan.com\\\/shop\\\/\"},{\"@type\":\"ListItem\",\"position\":3,\"name\":\"Two Mynahs on a Plum Branch Painting\"}]},{\"@type\":\"WebSite\",\"@id\":\"https:\\\/\\\/antique-japan.com\\\/#website\",\"url\":\"https:\\\/\\\/antique-japan.com\\\/\",\"name\":\"Antique Japan\",\"description\":\"Authentic Japanese Antiques &amp; Art Online \u2013 Edo &amp; Meiji Period\",\"publisher\":{\"@id\":\"https:\\\/\\\/antique-japan.com\\\/#organization\"},\"potentialAction\":[{\"@type\":\"SearchAction\",\"target\":{\"@type\":\"EntryPoint\",\"urlTemplate\":\"https:\\\/\\\/antique-japan.com\\\/?s={search_term_string}\"},\"query-input\":{\"@type\":\"PropertyValueSpecification\",\"valueRequired\":true,\"valueName\":\"search_term_string\"}}],\"inLanguage\":\"fr-FR\"},{\"@type\":\"Organization\",\"@id\":\"https:\\\/\\\/antique-japan.com\\\/#organization\",\"name\":\"Antique Japan\",\"url\":\"https:\\\/\\\/antique-japan.com\\\/\",\"logo\":{\"@type\":\"ImageObject\",\"inLanguage\":\"fr-FR\",\"@id\":\"https:\\\/\\\/antique-japan.com\\\/#\\\/schema\\\/logo\\\/image\\\/\",\"url\":\"https:\\\/\\\/antique-japan.com\\\/wp-content\\\/uploads\\\/2024\\\/06\\\/Antique-Japan-Full-Logo.webp\",\"contentUrl\":\"https:\\\/\\\/antique-japan.com\\\/wp-content\\\/uploads\\\/2024\\\/06\\\/Antique-Japan-Full-Logo.webp\",\"width\":1100,\"height\":625,\"caption\":\"Antique Japan\"},\"image\":{\"@id\":\"https:\\\/\\\/antique-japan.com\\\/#\\\/schema\\\/logo\\\/image\\\/\"}}]}<\/script>\n<!-- \/ Yoast SEO plugin. -->","yoast_head_json":{"title":"Deux mainates sur une branche de prunier - Peinture ancienne du Japon","description":"Peinture chinoise repr\u00e9sentant deux oiseaux perch\u00e9s sur une branche de prunier en fleurs. Peinture classique chinoise de fleurs et d&#039;oiseaux (huaniao-hua).","robots":{"index":"index","follow":"follow","max-snippet":"max-snippet:-1","max-image-preview":"max-image-preview:large","max-video-preview":"max-video-preview:-1"},"canonical":"https:\/\/antique-japan.com\/fr\/boutique\/tableaux\/tsuitate\/deux-mainates-sur-une-branche-de-prunier-peinture\/","og_locale":"fr_FR","og_type":"article","og_title":"Two Mynahs on a Plum Branch Painting - Antique Japan","og_description":"Chinese painting featuring two birds perched on a plum blossom branch. Classical Chinese flower-and-bird (huaniao-hua) painting","og_url":"https:\/\/antique-japan.com\/fr\/boutique\/tableaux\/tsuitate\/deux-mainates-sur-une-branche-de-prunier-peinture\/","og_site_name":"Antique Japan","og_image":[{"width":1333,"height":2000,"url":"https:\/\/antique-japan.com\/wp-content\/uploads\/2026\/04\/tsuitate-painting-shen-quan-1.webp","type":"image\/webp"}],"twitter_card":"summary_large_image","twitter_misc":{"Dur\u00e9e de lecture estim\u00e9e":"1 minute"},"schema":{"@context":"https:\/\/schema.org","@graph":[{"@type":"WebPage","@id":"https:\/\/antique-japan.com\/shop\/paintings\/tsuitate\/two-mynahs-on-a-plum-branch-painting\/","url":"https:\/\/antique-japan.com\/shop\/paintings\/tsuitate\/two-mynahs-on-a-plum-branch-painting\/","name":"Deux mainates sur une branche de prunier - Peinture ancienne du Japon","isPartOf":{"@id":"https:\/\/antique-japan.com\/#website"},"primaryImageOfPage":{"@id":"https:\/\/antique-japan.com\/shop\/paintings\/tsuitate\/two-mynahs-on-a-plum-branch-painting\/#primaryimage"},"image":{"@id":"https:\/\/antique-japan.com\/shop\/paintings\/tsuitate\/two-mynahs-on-a-plum-branch-painting\/#primaryimage"},"thumbnailUrl":"https:\/\/antique-japan.com\/wp-content\/uploads\/2026\/04\/tsuitate-painting-shen-quan-1.webp","datePublished":"2026-04-20T12:26:31+00:00","description":"Peinture chinoise repr\u00e9sentant deux oiseaux perch\u00e9s sur une branche de prunier en fleurs. Peinture classique chinoise de fleurs et d&#039;oiseaux (huaniao-hua).","breadcrumb":{"@id":"https:\/\/antique-japan.com\/shop\/paintings\/tsuitate\/two-mynahs-on-a-plum-branch-painting\/#breadcrumb"},"inLanguage":"fr-FR","potentialAction":[{"@type":"ReadAction","target":["https:\/\/antique-japan.com\/shop\/paintings\/tsuitate\/two-mynahs-on-a-plum-branch-painting\/"]}]},{"@type":"ImageObject","inLanguage":"fr-FR","@id":"https:\/\/antique-japan.com\/shop\/paintings\/tsuitate\/two-mynahs-on-a-plum-branch-painting\/#primaryimage","url":"https:\/\/antique-japan.com\/wp-content\/uploads\/2026\/04\/tsuitate-painting-shen-quan-1.webp","contentUrl":"https:\/\/antique-japan.com\/wp-content\/uploads\/2026\/04\/tsuitate-painting-shen-quan-1.webp","width":1333,"height":2000},{"@type":"BreadcrumbList","@id":"https:\/\/antique-japan.com\/shop\/paintings\/tsuitate\/two-mynahs-on-a-plum-branch-painting\/#breadcrumb","itemListElement":[{"@type":"ListItem","position":1,"name":"Home","item":"https:\/\/antique-japan.com\/"},{"@type":"ListItem","position":2,"name":"Shop","item":"https:\/\/antique-japan.com\/shop\/"},{"@type":"ListItem","position":3,"name":"Two Mynahs on a Plum Branch Painting"}]},{"@type":"WebSite","@id":"https:\/\/antique-japan.com\/#website","url":"https:\/\/antique-japan.com\/","name":"Japon antique","description":"Antiquit\u00e9s et \u0153uvres d&#039;art japonaises authentiques en ligne \u2013 \u00c9poques Edo et Meiji","publisher":{"@id":"https:\/\/antique-japan.com\/#organization"},"potentialAction":[{"@type":"SearchAction","target":{"@type":"EntryPoint","urlTemplate":"https:\/\/antique-japan.com\/?s={search_term_string}"},"query-input":{"@type":"PropertyValueSpecification","valueRequired":true,"valueName":"search_term_string"}}],"inLanguage":"fr-FR"},{"@type":"Organization","@id":"https:\/\/antique-japan.com\/#organization","name":"Japon antique","url":"https:\/\/antique-japan.com\/","logo":{"@type":"ImageObject","inLanguage":"fr-FR","@id":"https:\/\/antique-japan.com\/#\/schema\/logo\/image\/","url":"https:\/\/antique-japan.com\/wp-content\/uploads\/2024\/06\/Antique-Japan-Full-Logo.webp","contentUrl":"https:\/\/antique-japan.com\/wp-content\/uploads\/2024\/06\/Antique-Japan-Full-Logo.webp","width":1100,"height":625,"caption":"Antique Japan"},"image":{"@id":"https:\/\/antique-japan.com\/#\/schema\/logo\/image\/"}}]}},"_links":{"self":[{"href":"https:\/\/antique-japan.com\/fr\/wp-json\/wp\/v2\/product\/2248","targetHints":{"allow":["GET"]}}],"collection":[{"href":"https:\/\/antique-japan.com\/fr\/wp-json\/wp\/v2\/product"}],"about":[{"href":"https:\/\/antique-japan.com\/fr\/wp-json\/wp\/v2\/types\/product"}],"wp:featuredmedia":[{"embeddable":true,"href":"https:\/\/antique-japan.com\/fr\/wp-json\/wp\/v2\/media\/2250"}],"wp:attachment":[{"href":"https:\/\/antique-japan.com\/fr\/wp-json\/wp\/v2\/media?parent=2248"}],"wp:term":[{"taxonomy":"product_brand","embeddable":true,"href":"https:\/\/antique-japan.com\/fr\/wp-json\/wp\/v2\/product_brand?post=2248"},{"taxonomy":"product_cat","embeddable":true,"href":"https:\/\/antique-japan.com\/fr\/wp-json\/wp\/v2\/product_cat?post=2248"},{"taxonomy":"product_tag","embeddable":true,"href":"https:\/\/antique-japan.com\/fr\/wp-json\/wp\/v2\/product_tag?post=2248"}],"curies":[{"name":"wp","href":"https:\/\/api.w.org\/{rel}","templated":true}]}}