{"id":2203,"date":"2026-04-20T11:45:50","date_gmt":"2026-04-20T10:45:50","guid":{"rendered":"https:\/\/antique-japan.com\/?post_type=product&#038;p=2203"},"modified":"2026-04-20T11:45:50","modified_gmt":"2026-04-20T10:45:50","slug":"boite-a-the-natsume-rouge-urushi","status":"publish","type":"product","link":"https:\/\/antique-japan.com\/fr\/shop\/lacquerware\/tea-caddy\/red-urushi-natsume-tea-caddy\/","title":{"rendered":"Bo\u00eete \u00e0 th\u00e9 Urushi Natsume rouge"},"content":{"rendered":"<p>Bo\u00eete \u00e0 th\u00e9 (natsume) en laque urushi rouge orn\u00e9e de d\u00e9tails dor\u00e9s repr\u00e9sentant des \u00e9ventails japonais traditionnels, XXe si\u00e8cle. Bo\u00eete \u00e0 th\u00e9 traditionnelle utilis\u00e9e au Japon pour conserver le th\u00e9, g\u00e9n\u00e9ralement du matcha, au quotidien. Sa forme lisse et arrondie, avec un couvercle parfaitement ajust\u00e9, allie \u00e9l\u00e9gance et fonctionnalit\u00e9. L&#039;esth\u00e9tique minimaliste et la beaut\u00e9 naturelle refl\u00e8tent les principes du wabi-sabi, au c\u0153ur de la tradition du th\u00e9.<\/p>","protected":false},"excerpt":{"rendered":"<p>Bo\u00eete \u00e0 th\u00e9 (natsume) en laque urushi rouge avec d\u00e9tails dor\u00e9s<\/p>","protected":false},"featured_media":2204,"template":"","meta":[],"product_brand":[],"product_cat":[29,79],"product_tag":[121,185,104,122],"class_list":{"0":"post-2203","1":"product","2":"type-product","3":"status-publish","4":"has-post-thumbnail","6":"product_cat-lacquerware","7":"product_cat-tea-caddy","8":"product_tag-matcha","9":"product_tag-natsume","10":"product_tag-tea-caddy","11":"product_tag-urushi","13":"first","14":"instock","15":"sold-individually","16":"shipping-taxable","17":"purchasable","18":"product-type-simple"},"yoast_head":"<!-- This site is optimized with the Yoast SEO plugin v27.4 - https:\/\/yoast.com\/product\/yoast-seo-wordpress\/ -->\n<title>Red Urushi Natsume Tea Caddy - Antique Japan<\/title>\n<meta name=\"description\" content=\"Tea caddy in red urushi lacquer with gold details depicting traditional Japanese fans, XX Century. Used in japan to store tea, usually matcha, for daily use\" \/>\n<meta name=\"robots\" content=\"index, follow, max-snippet:-1, max-image-preview:large, max-video-preview:-1\" \/>\n<link rel=\"canonical\" href=\"https:\/\/antique-japan.com\/fr\/boutique\/laque\/boite-a-the\/boite-a-the-natsume-rouge-urushi\/\" \/>\n<meta property=\"og:locale\" content=\"fr_FR\" \/>\n<meta property=\"og:type\" content=\"article\" \/>\n<meta property=\"og:title\" content=\"Red Urushi Natsume Tea Caddy - Antique Japan\" \/>\n<meta property=\"og:description\" content=\"Tea caddy in red urushi lacquer with gold details depicting traditional Japanese fans, XX Century. Used in japan to store tea, usually matcha, for daily use\" \/>\n<meta property=\"og:url\" content=\"https:\/\/antique-japan.com\/fr\/boutique\/laque\/boite-a-the\/boite-a-the-natsume-rouge-urushi\/\" \/>\n<meta property=\"og:site_name\" content=\"Antique Japan\" \/>\n<meta property=\"og:image\" content=\"https:\/\/antique-japan.com\/wp-content\/uploads\/2026\/04\/natsume-tea-caddy-fan-1.webp\" \/>\n\t<meta property=\"og:image:width\" content=\"2000\" \/>\n\t<meta property=\"og:image:height\" content=\"1333\" \/>\n\t<meta property=\"og:image:type\" content=\"image\/webp\" \/>\n<meta name=\"twitter:card\" content=\"summary_large_image\" \/>\n<meta name=\"twitter:label1\" content=\"Dur\u00e9e de lecture estim\u00e9e\" \/>\n\t<meta name=\"twitter:data1\" content=\"1 minute\" \/>\n<script type=\"application\/ld+json\" class=\"yoast-schema-graph\">{\"@context\":\"https:\\\/\\\/schema.org\",\"@graph\":[{\"@type\":\"WebPage\",\"@id\":\"https:\\\/\\\/antique-japan.com\\\/shop\\\/lacquerware\\\/tea-caddy\\\/red-urushi-natsume-tea-caddy\\\/\",\"url\":\"https:\\\/\\\/antique-japan.com\\\/shop\\\/lacquerware\\\/tea-caddy\\\/red-urushi-natsume-tea-caddy\\\/\",\"name\":\"Red Urushi Natsume Tea Caddy - Antique Japan\",\"isPartOf\":{\"@id\":\"https:\\\/\\\/antique-japan.com\\\/#website\"},\"primaryImageOfPage\":{\"@id\":\"https:\\\/\\\/antique-japan.com\\\/shop\\\/lacquerware\\\/tea-caddy\\\/red-urushi-natsume-tea-caddy\\\/#primaryimage\"},\"image\":{\"@id\":\"https:\\\/\\\/antique-japan.com\\\/shop\\\/lacquerware\\\/tea-caddy\\\/red-urushi-natsume-tea-caddy\\\/#primaryimage\"},\"thumbnailUrl\":\"https:\\\/\\\/antique-japan.com\\\/wp-content\\\/uploads\\\/2026\\\/04\\\/natsume-tea-caddy-fan-1.webp\",\"datePublished\":\"2026-04-20T10:45:50+00:00\",\"description\":\"Tea caddy in red urushi lacquer with gold details depicting traditional Japanese fans, XX Century. Used in japan to store tea, usually matcha, for daily use\",\"breadcrumb\":{\"@id\":\"https:\\\/\\\/antique-japan.com\\\/shop\\\/lacquerware\\\/tea-caddy\\\/red-urushi-natsume-tea-caddy\\\/#breadcrumb\"},\"inLanguage\":\"fr-FR\",\"potentialAction\":[{\"@type\":\"ReadAction\",\"target\":[\"https:\\\/\\\/antique-japan.com\\\/shop\\\/lacquerware\\\/tea-caddy\\\/red-urushi-natsume-tea-caddy\\\/\"]}]},{\"@type\":\"ImageObject\",\"inLanguage\":\"fr-FR\",\"@id\":\"https:\\\/\\\/antique-japan.com\\\/shop\\\/lacquerware\\\/tea-caddy\\\/red-urushi-natsume-tea-caddy\\\/#primaryimage\",\"url\":\"https:\\\/\\\/antique-japan.com\\\/wp-content\\\/uploads\\\/2026\\\/04\\\/natsume-tea-caddy-fan-1.webp\",\"contentUrl\":\"https:\\\/\\\/antique-japan.com\\\/wp-content\\\/uploads\\\/2026\\\/04\\\/natsume-tea-caddy-fan-1.webp\",\"width\":2000,\"height\":1333},{\"@type\":\"BreadcrumbList\",\"@id\":\"https:\\\/\\\/antique-japan.com\\\/shop\\\/lacquerware\\\/tea-caddy\\\/red-urushi-natsume-tea-caddy\\\/#breadcrumb\",\"itemListElement\":[{\"@type\":\"ListItem\",\"position\":1,\"name\":\"Home\",\"item\":\"https:\\\/\\\/antique-japan.com\\\/\"},{\"@type\":\"ListItem\",\"position\":2,\"name\":\"Shop\",\"item\":\"https:\\\/\\\/antique-japan.com\\\/shop\\\/\"},{\"@type\":\"ListItem\",\"position\":3,\"name\":\"Red Urushi Natsume Tea Caddy\"}]},{\"@type\":\"WebSite\",\"@id\":\"https:\\\/\\\/antique-japan.com\\\/#website\",\"url\":\"https:\\\/\\\/antique-japan.com\\\/\",\"name\":\"Antique Japan\",\"description\":\"Authentic Japanese Antiques &amp; Art Online \u2013 Edo &amp; Meiji Period\",\"publisher\":{\"@id\":\"https:\\\/\\\/antique-japan.com\\\/#organization\"},\"potentialAction\":[{\"@type\":\"SearchAction\",\"target\":{\"@type\":\"EntryPoint\",\"urlTemplate\":\"https:\\\/\\\/antique-japan.com\\\/?s={search_term_string}\"},\"query-input\":{\"@type\":\"PropertyValueSpecification\",\"valueRequired\":true,\"valueName\":\"search_term_string\"}}],\"inLanguage\":\"fr-FR\"},{\"@type\":\"Organization\",\"@id\":\"https:\\\/\\\/antique-japan.com\\\/#organization\",\"name\":\"Antique Japan\",\"url\":\"https:\\\/\\\/antique-japan.com\\\/\",\"logo\":{\"@type\":\"ImageObject\",\"inLanguage\":\"fr-FR\",\"@id\":\"https:\\\/\\\/antique-japan.com\\\/#\\\/schema\\\/logo\\\/image\\\/\",\"url\":\"https:\\\/\\\/antique-japan.com\\\/wp-content\\\/uploads\\\/2024\\\/06\\\/Antique-Japan-Full-Logo.webp\",\"contentUrl\":\"https:\\\/\\\/antique-japan.com\\\/wp-content\\\/uploads\\\/2024\\\/06\\\/Antique-Japan-Full-Logo.webp\",\"width\":1100,\"height\":625,\"caption\":\"Antique Japan\"},\"image\":{\"@id\":\"https:\\\/\\\/antique-japan.com\\\/#\\\/schema\\\/logo\\\/image\\\/\"}}]}<\/script>\n<!-- \/ Yoast SEO plugin. -->","yoast_head_json":{"title":"Bo\u00eete \u00e0 th\u00e9 Urushi Natsume rouge - Antique Japon","description":"Bo\u00eete \u00e0 th\u00e9 en laque urushi rouge orn\u00e9e de d\u00e9tails dor\u00e9s repr\u00e9sentant des \u00e9ventails japonais traditionnels, XXe si\u00e8cle. Utilis\u00e9e au Japon pour conserver le th\u00e9, g\u00e9n\u00e9ralement du matcha, au quotidien.","robots":{"index":"index","follow":"follow","max-snippet":"max-snippet:-1","max-image-preview":"max-image-preview:large","max-video-preview":"max-video-preview:-1"},"canonical":"https:\/\/antique-japan.com\/fr\/boutique\/laque\/boite-a-the\/boite-a-the-natsume-rouge-urushi\/","og_locale":"fr_FR","og_type":"article","og_title":"Red Urushi Natsume Tea Caddy - Antique Japan","og_description":"Tea caddy in red urushi lacquer with gold details depicting traditional Japanese fans, XX Century. Used in japan to store tea, usually matcha, for daily use","og_url":"https:\/\/antique-japan.com\/fr\/boutique\/laque\/boite-a-the\/boite-a-the-natsume-rouge-urushi\/","og_site_name":"Antique Japan","og_image":[{"width":2000,"height":1333,"url":"https:\/\/antique-japan.com\/wp-content\/uploads\/2026\/04\/natsume-tea-caddy-fan-1.webp","type":"image\/webp"}],"twitter_card":"summary_large_image","twitter_misc":{"Dur\u00e9e de lecture estim\u00e9e":"1 minute"},"schema":{"@context":"https:\/\/schema.org","@graph":[{"@type":"WebPage","@id":"https:\/\/antique-japan.com\/shop\/lacquerware\/tea-caddy\/red-urushi-natsume-tea-caddy\/","url":"https:\/\/antique-japan.com\/shop\/lacquerware\/tea-caddy\/red-urushi-natsume-tea-caddy\/","name":"Bo\u00eete \u00e0 th\u00e9 Urushi Natsume rouge - Antique Japon","isPartOf":{"@id":"https:\/\/antique-japan.com\/#website"},"primaryImageOfPage":{"@id":"https:\/\/antique-japan.com\/shop\/lacquerware\/tea-caddy\/red-urushi-natsume-tea-caddy\/#primaryimage"},"image":{"@id":"https:\/\/antique-japan.com\/shop\/lacquerware\/tea-caddy\/red-urushi-natsume-tea-caddy\/#primaryimage"},"thumbnailUrl":"https:\/\/antique-japan.com\/wp-content\/uploads\/2026\/04\/natsume-tea-caddy-fan-1.webp","datePublished":"2026-04-20T10:45:50+00:00","description":"Bo\u00eete \u00e0 th\u00e9 en laque urushi rouge orn\u00e9e de d\u00e9tails dor\u00e9s repr\u00e9sentant des \u00e9ventails japonais traditionnels, XXe si\u00e8cle. Utilis\u00e9e au Japon pour conserver le th\u00e9, g\u00e9n\u00e9ralement du matcha, au quotidien.","breadcrumb":{"@id":"https:\/\/antique-japan.com\/shop\/lacquerware\/tea-caddy\/red-urushi-natsume-tea-caddy\/#breadcrumb"},"inLanguage":"fr-FR","potentialAction":[{"@type":"ReadAction","target":["https:\/\/antique-japan.com\/shop\/lacquerware\/tea-caddy\/red-urushi-natsume-tea-caddy\/"]}]},{"@type":"ImageObject","inLanguage":"fr-FR","@id":"https:\/\/antique-japan.com\/shop\/lacquerware\/tea-caddy\/red-urushi-natsume-tea-caddy\/#primaryimage","url":"https:\/\/antique-japan.com\/wp-content\/uploads\/2026\/04\/natsume-tea-caddy-fan-1.webp","contentUrl":"https:\/\/antique-japan.com\/wp-content\/uploads\/2026\/04\/natsume-tea-caddy-fan-1.webp","width":2000,"height":1333},{"@type":"BreadcrumbList","@id":"https:\/\/antique-japan.com\/shop\/lacquerware\/tea-caddy\/red-urushi-natsume-tea-caddy\/#breadcrumb","itemListElement":[{"@type":"ListItem","position":1,"name":"Home","item":"https:\/\/antique-japan.com\/"},{"@type":"ListItem","position":2,"name":"Shop","item":"https:\/\/antique-japan.com\/shop\/"},{"@type":"ListItem","position":3,"name":"Red Urushi Natsume Tea Caddy"}]},{"@type":"WebSite","@id":"https:\/\/antique-japan.com\/#website","url":"https:\/\/antique-japan.com\/","name":"Japon antique","description":"Antiquit\u00e9s et \u0153uvres d&#039;art japonaises authentiques en ligne \u2013 \u00c9poques Edo et Meiji","publisher":{"@id":"https:\/\/antique-japan.com\/#organization"},"potentialAction":[{"@type":"SearchAction","target":{"@type":"EntryPoint","urlTemplate":"https:\/\/antique-japan.com\/?s={search_term_string}"},"query-input":{"@type":"PropertyValueSpecification","valueRequired":true,"valueName":"search_term_string"}}],"inLanguage":"fr-FR"},{"@type":"Organization","@id":"https:\/\/antique-japan.com\/#organization","name":"Japon antique","url":"https:\/\/antique-japan.com\/","logo":{"@type":"ImageObject","inLanguage":"fr-FR","@id":"https:\/\/antique-japan.com\/#\/schema\/logo\/image\/","url":"https:\/\/antique-japan.com\/wp-content\/uploads\/2024\/06\/Antique-Japan-Full-Logo.webp","contentUrl":"https:\/\/antique-japan.com\/wp-content\/uploads\/2024\/06\/Antique-Japan-Full-Logo.webp","width":1100,"height":625,"caption":"Antique Japan"},"image":{"@id":"https:\/\/antique-japan.com\/#\/schema\/logo\/image\/"}}]}},"_links":{"self":[{"href":"https:\/\/antique-japan.com\/fr\/wp-json\/wp\/v2\/product\/2203","targetHints":{"allow":["GET"]}}],"collection":[{"href":"https:\/\/antique-japan.com\/fr\/wp-json\/wp\/v2\/product"}],"about":[{"href":"https:\/\/antique-japan.com\/fr\/wp-json\/wp\/v2\/types\/product"}],"wp:featuredmedia":[{"embeddable":true,"href":"https:\/\/antique-japan.com\/fr\/wp-json\/wp\/v2\/media\/2204"}],"wp:attachment":[{"href":"https:\/\/antique-japan.com\/fr\/wp-json\/wp\/v2\/media?parent=2203"}],"wp:term":[{"taxonomy":"product_brand","embeddable":true,"href":"https:\/\/antique-japan.com\/fr\/wp-json\/wp\/v2\/product_brand?post=2203"},{"taxonomy":"product_cat","embeddable":true,"href":"https:\/\/antique-japan.com\/fr\/wp-json\/wp\/v2\/product_cat?post=2203"},{"taxonomy":"product_tag","embeddable":true,"href":"https:\/\/antique-japan.com\/fr\/wp-json\/wp\/v2\/product_tag?post=2203"}],"curies":[{"name":"wp","href":"https:\/\/api.w.org\/{rel}","templated":true}]}}