{"id":2261,"date":"2026-04-20T14:07:10","date_gmt":"2026-04-20T13:07:10","guid":{"rendered":"https:\/\/antique-japan.com\/?post_type=product&#038;p=2261"},"modified":"2026-04-20T14:07:10","modified_gmt":"2026-04-20T13:07:10","slug":"ukiyoe-toshikata-dame-im-wartezimmer","status":"publish","type":"product","link":"https:\/\/antique-japan.com\/de\/shop\/paintings\/ukiyo-e\/ukiyoe-toshikata-lady-in-waiting\/","title":{"rendered":"Ukiyoe Toshikata Dame im Warten"},"content":{"rendered":"<p>Japanischer Holzschnitt (Ukiyo-e) aus der Serie \u201cSechsunddrei\u00dfig elegante Auswahlen\u201d (Sanj\u016b-rokka sen) des K\u00fcnstlers Mizuno Toshikata, erschienen 1893. Titel: \u201cHofdame: Frau der H\u014dtoku-Zeit (1449\u201352)\u201d (Jijo, H\u00f4toku koro fujin). Eine Frau im Kimono lehnt an einem mit bl\u00fchendem Blauregen geschm\u00fcckten Balkongel\u00e4nder. Mizuno Toshikata (1866\u20131908) war ein renommierter K\u00fcnstler der Meiji-Zeit, bekannt f\u00fcr seine Bijin-ga (Bilder sch\u00f6ner Frauen). Die Serie illustriert sch\u00f6ne Frauen aus 35 verschiedenen Epochen der japanischen Geschichte und dient als visueller Leitfaden f\u00fcr historische Mode und Sitten. Dieses spezielle Werk stellt eine Adlige oder Hofdame aus der H\u014dtoku-Zeit (Mitte des 15. Jahrhunderts) dar. Toshikata war ein Sch\u00fcler des ber\u00fchmten K\u00fcnstlers Tsukioka Yoshitoshi. Seine Serie \u201cSechsunddrei\u00dfig Sch\u00f6nheiten\u201d zeichnet sich durch feine Drucktechniken aus, wie etwa die Pr\u00e4gung (hier auf dem wei\u00dfen Kimono) und die sanfte Farbschattierung Bokashi. Die Serie wurde von Akiyama Buemon vom Kokkeido-Verlag herausgegeben. Gr\u00f6\u00dfe: 38 x 25 cm<\/p>","protected":false},"excerpt":{"rendered":"<p>Japanischer Holzschnitt (Ukiyo-e) aus der Serie \u201cSechsunddrei\u00dfig elegante Auswahlen\u201d (Sanj\u016b-rokka sen) des K\u00fcnstlers Mizuno Toshikata<\/p>","protected":false},"featured_media":2262,"template":"","meta":[],"product_brand":[],"product_cat":[127,197],"product_tag":[200,199,189,198,201],"class_list":{"0":"post-2261","1":"product","2":"type-product","3":"status-publish","4":"has-post-thumbnail","6":"product_cat-paintings","7":"product_cat-ukiyo-e","8":"product_tag-lady-in-waiting","9":"product_tag-mizuno-toshikata","10":"product_tag-painting","11":"product_tag-ukiyo-e","12":"product_tag-woman-of-the-hotoku-era","14":"first","15":"instock","16":"sold-individually","17":"shipping-taxable","18":"purchasable","19":"product-type-simple"},"yoast_head":"<!-- This site is optimized with the Yoast SEO plugin v27.4 - https:\/\/yoast.com\/product\/yoast-seo-wordpress\/ -->\n<title>Ukiyoe Toshikata Lady in Waiting - Antique Japan<\/title>\n<meta name=\"description\" content=\"Japanese woodblock print (Ukiyo-e) from the series &quot;Thirtysix Elegant Selections&quot; (Sanj\u016b-rokka sen) by artist Mizuno Toshikata, &quot;Lady in waiting&quot;\" \/>\n<meta name=\"robots\" content=\"index, follow, max-snippet:-1, max-image-preview:large, max-video-preview:-1\" \/>\n<link rel=\"canonical\" href=\"https:\/\/antique-japan.com\/de\/geschaft\/gemalde\/ukiyo-e\/ukiyoe-toshikata-dame-im-wartezimmer\/\" \/>\n<meta property=\"og:locale\" content=\"de_DE\" \/>\n<meta property=\"og:type\" content=\"article\" \/>\n<meta property=\"og:title\" content=\"Ukiyoe Toshikata Lady in Waiting - Antique Japan\" \/>\n<meta property=\"og:description\" content=\"Japanese woodblock print (Ukiyo-e) from the series &quot;Thirtysix Elegant Selections&quot; (Sanj\u016b-rokka sen) by artist Mizuno Toshikata, &quot;Lady in waiting&quot;\" \/>\n<meta property=\"og:url\" content=\"https:\/\/antique-japan.com\/de\/geschaft\/gemalde\/ukiyo-e\/ukiyoe-toshikata-dame-im-wartezimmer\/\" \/>\n<meta property=\"og:site_name\" content=\"Antique Japan\" \/>\n<meta property=\"og:image\" content=\"https:\/\/antique-japan.com\/wp-content\/uploads\/2026\/04\/Ukiyoe-Lady-in-waiting-1.webp\" \/>\n\t<meta property=\"og:image:width\" content=\"1333\" \/>\n\t<meta property=\"og:image:height\" content=\"2000\" \/>\n\t<meta property=\"og:image:type\" content=\"image\/webp\" \/>\n<meta name=\"twitter:card\" content=\"summary_large_image\" \/>\n<meta name=\"twitter:label1\" content=\"Gesch\u00e4tzte Lesezeit\" \/>\n\t<meta name=\"twitter:data1\" content=\"1\u00a0Minute\" \/>\n<script type=\"application\/ld+json\" class=\"yoast-schema-graph\">{\"@context\":\"https:\\\/\\\/schema.org\",\"@graph\":[{\"@type\":\"WebPage\",\"@id\":\"https:\\\/\\\/antique-japan.com\\\/shop\\\/paintings\\\/ukiyo-e\\\/ukiyoe-toshikata-lady-in-waiting\\\/\",\"url\":\"https:\\\/\\\/antique-japan.com\\\/shop\\\/paintings\\\/ukiyo-e\\\/ukiyoe-toshikata-lady-in-waiting\\\/\",\"name\":\"Ukiyoe Toshikata Lady in Waiting - Antique Japan\",\"isPartOf\":{\"@id\":\"https:\\\/\\\/antique-japan.com\\\/#website\"},\"primaryImageOfPage\":{\"@id\":\"https:\\\/\\\/antique-japan.com\\\/shop\\\/paintings\\\/ukiyo-e\\\/ukiyoe-toshikata-lady-in-waiting\\\/#primaryimage\"},\"image\":{\"@id\":\"https:\\\/\\\/antique-japan.com\\\/shop\\\/paintings\\\/ukiyo-e\\\/ukiyoe-toshikata-lady-in-waiting\\\/#primaryimage\"},\"thumbnailUrl\":\"https:\\\/\\\/antique-japan.com\\\/wp-content\\\/uploads\\\/2026\\\/04\\\/Ukiyoe-Lady-in-waiting-1.webp\",\"datePublished\":\"2026-04-20T13:07:10+00:00\",\"description\":\"Japanese woodblock print (Ukiyo-e) from the series \\\"Thirtysix Elegant Selections\\\" (Sanj\u016b-rokka sen) by artist Mizuno Toshikata, \\\"Lady in waiting\\\"\",\"breadcrumb\":{\"@id\":\"https:\\\/\\\/antique-japan.com\\\/shop\\\/paintings\\\/ukiyo-e\\\/ukiyoe-toshikata-lady-in-waiting\\\/#breadcrumb\"},\"inLanguage\":\"de\",\"potentialAction\":[{\"@type\":\"ReadAction\",\"target\":[\"https:\\\/\\\/antique-japan.com\\\/shop\\\/paintings\\\/ukiyo-e\\\/ukiyoe-toshikata-lady-in-waiting\\\/\"]}]},{\"@type\":\"ImageObject\",\"inLanguage\":\"de\",\"@id\":\"https:\\\/\\\/antique-japan.com\\\/shop\\\/paintings\\\/ukiyo-e\\\/ukiyoe-toshikata-lady-in-waiting\\\/#primaryimage\",\"url\":\"https:\\\/\\\/antique-japan.com\\\/wp-content\\\/uploads\\\/2026\\\/04\\\/Ukiyoe-Lady-in-waiting-1.webp\",\"contentUrl\":\"https:\\\/\\\/antique-japan.com\\\/wp-content\\\/uploads\\\/2026\\\/04\\\/Ukiyoe-Lady-in-waiting-1.webp\",\"width\":1333,\"height\":2000},{\"@type\":\"BreadcrumbList\",\"@id\":\"https:\\\/\\\/antique-japan.com\\\/shop\\\/paintings\\\/ukiyo-e\\\/ukiyoe-toshikata-lady-in-waiting\\\/#breadcrumb\",\"itemListElement\":[{\"@type\":\"ListItem\",\"position\":1,\"name\":\"Home\",\"item\":\"https:\\\/\\\/antique-japan.com\\\/\"},{\"@type\":\"ListItem\",\"position\":2,\"name\":\"Shop\",\"item\":\"https:\\\/\\\/antique-japan.com\\\/shop\\\/\"},{\"@type\":\"ListItem\",\"position\":3,\"name\":\"Ukiyoe Toshikata Lady in Waiting\"}]},{\"@type\":\"WebSite\",\"@id\":\"https:\\\/\\\/antique-japan.com\\\/#website\",\"url\":\"https:\\\/\\\/antique-japan.com\\\/\",\"name\":\"Antique Japan\",\"description\":\"Authentic Japanese Antiques &amp; Art Online \u2013 Edo &amp; Meiji Period\",\"publisher\":{\"@id\":\"https:\\\/\\\/antique-japan.com\\\/#organization\"},\"potentialAction\":[{\"@type\":\"SearchAction\",\"target\":{\"@type\":\"EntryPoint\",\"urlTemplate\":\"https:\\\/\\\/antique-japan.com\\\/?s={search_term_string}\"},\"query-input\":{\"@type\":\"PropertyValueSpecification\",\"valueRequired\":true,\"valueName\":\"search_term_string\"}}],\"inLanguage\":\"de\"},{\"@type\":\"Organization\",\"@id\":\"https:\\\/\\\/antique-japan.com\\\/#organization\",\"name\":\"Antique Japan\",\"url\":\"https:\\\/\\\/antique-japan.com\\\/\",\"logo\":{\"@type\":\"ImageObject\",\"inLanguage\":\"de\",\"@id\":\"https:\\\/\\\/antique-japan.com\\\/#\\\/schema\\\/logo\\\/image\\\/\",\"url\":\"https:\\\/\\\/antique-japan.com\\\/wp-content\\\/uploads\\\/2024\\\/06\\\/Antique-Japan-Full-Logo.webp\",\"contentUrl\":\"https:\\\/\\\/antique-japan.com\\\/wp-content\\\/uploads\\\/2024\\\/06\\\/Antique-Japan-Full-Logo.webp\",\"width\":1100,\"height\":625,\"caption\":\"Antique Japan\"},\"image\":{\"@id\":\"https:\\\/\\\/antique-japan.com\\\/#\\\/schema\\\/logo\\\/image\\\/\"}}]}<\/script>\n<!-- \/ Yoast SEO plugin. -->","yoast_head_json":{"title":"Ukiyoe Toshikata Dame im Warten \u2013 Antikes Japan","description":"Japanischer Holzschnitt (Ukiyo-e) aus der Serie &quot;Sechsunddrei\u00dfig elegante Auswahlen&quot; (Sanj\u016b-rokka sen) des K\u00fcnstlers Mizuno Toshikata, &quot;Hofdame&quot;\"","robots":{"index":"index","follow":"follow","max-snippet":"max-snippet:-1","max-image-preview":"max-image-preview:large","max-video-preview":"max-video-preview:-1"},"canonical":"https:\/\/antique-japan.com\/de\/geschaft\/gemalde\/ukiyo-e\/ukiyoe-toshikata-dame-im-wartezimmer\/","og_locale":"de_DE","og_type":"article","og_title":"Ukiyoe Toshikata Lady in Waiting - Antique Japan","og_description":"Japanese woodblock print (Ukiyo-e) from the series \"Thirtysix Elegant Selections\" (Sanj\u016b-rokka sen) by artist Mizuno Toshikata, \"Lady in waiting\"","og_url":"https:\/\/antique-japan.com\/de\/geschaft\/gemalde\/ukiyo-e\/ukiyoe-toshikata-dame-im-wartezimmer\/","og_site_name":"Antique Japan","og_image":[{"width":1333,"height":2000,"url":"https:\/\/antique-japan.com\/wp-content\/uploads\/2026\/04\/Ukiyoe-Lady-in-waiting-1.webp","type":"image\/webp"}],"twitter_card":"summary_large_image","twitter_misc":{"Gesch\u00e4tzte Lesezeit":"1\u00a0Minute"},"schema":{"@context":"https:\/\/schema.org","@graph":[{"@type":"WebPage","@id":"https:\/\/antique-japan.com\/shop\/paintings\/ukiyo-e\/ukiyoe-toshikata-lady-in-waiting\/","url":"https:\/\/antique-japan.com\/shop\/paintings\/ukiyo-e\/ukiyoe-toshikata-lady-in-waiting\/","name":"Ukiyoe Toshikata Dame im Warten \u2013 Antikes Japan","isPartOf":{"@id":"https:\/\/antique-japan.com\/#website"},"primaryImageOfPage":{"@id":"https:\/\/antique-japan.com\/shop\/paintings\/ukiyo-e\/ukiyoe-toshikata-lady-in-waiting\/#primaryimage"},"image":{"@id":"https:\/\/antique-japan.com\/shop\/paintings\/ukiyo-e\/ukiyoe-toshikata-lady-in-waiting\/#primaryimage"},"thumbnailUrl":"https:\/\/antique-japan.com\/wp-content\/uploads\/2026\/04\/Ukiyoe-Lady-in-waiting-1.webp","datePublished":"2026-04-20T13:07:10+00:00","description":"Japanischer Holzschnitt (Ukiyo-e) aus der Serie &quot;Sechsunddrei\u00dfig elegante Auswahlen&quot; (Sanj\u016b-rokka sen) des K\u00fcnstlers Mizuno Toshikata, &quot;Hofdame&quot;\"","breadcrumb":{"@id":"https:\/\/antique-japan.com\/shop\/paintings\/ukiyo-e\/ukiyoe-toshikata-lady-in-waiting\/#breadcrumb"},"inLanguage":"de","potentialAction":[{"@type":"ReadAction","target":["https:\/\/antique-japan.com\/shop\/paintings\/ukiyo-e\/ukiyoe-toshikata-lady-in-waiting\/"]}]},{"@type":"ImageObject","inLanguage":"de","@id":"https:\/\/antique-japan.com\/shop\/paintings\/ukiyo-e\/ukiyoe-toshikata-lady-in-waiting\/#primaryimage","url":"https:\/\/antique-japan.com\/wp-content\/uploads\/2026\/04\/Ukiyoe-Lady-in-waiting-1.webp","contentUrl":"https:\/\/antique-japan.com\/wp-content\/uploads\/2026\/04\/Ukiyoe-Lady-in-waiting-1.webp","width":1333,"height":2000},{"@type":"BreadcrumbList","@id":"https:\/\/antique-japan.com\/shop\/paintings\/ukiyo-e\/ukiyoe-toshikata-lady-in-waiting\/#breadcrumb","itemListElement":[{"@type":"ListItem","position":1,"name":"Home","item":"https:\/\/antique-japan.com\/"},{"@type":"ListItem","position":2,"name":"Shop","item":"https:\/\/antique-japan.com\/shop\/"},{"@type":"ListItem","position":3,"name":"Ukiyoe Toshikata Lady in Waiting"}]},{"@type":"WebSite","@id":"https:\/\/antique-japan.com\/#website","url":"https:\/\/antique-japan.com\/","name":"Antikes Japan","description":"Authentische japanische Antiquit\u00e4ten und Kunst online \u2013 Edo- und Meiji-Zeit","publisher":{"@id":"https:\/\/antique-japan.com\/#organization"},"potentialAction":[{"@type":"SearchAction","target":{"@type":"EntryPoint","urlTemplate":"https:\/\/antique-japan.com\/?s={search_term_string}"},"query-input":{"@type":"PropertyValueSpecification","valueRequired":true,"valueName":"search_term_string"}}],"inLanguage":"de"},{"@type":"Organization","@id":"https:\/\/antique-japan.com\/#organization","name":"Antikes Japan","url":"https:\/\/antique-japan.com\/","logo":{"@type":"ImageObject","inLanguage":"de","@id":"https:\/\/antique-japan.com\/#\/schema\/logo\/image\/","url":"https:\/\/antique-japan.com\/wp-content\/uploads\/2024\/06\/Antique-Japan-Full-Logo.webp","contentUrl":"https:\/\/antique-japan.com\/wp-content\/uploads\/2024\/06\/Antique-Japan-Full-Logo.webp","width":1100,"height":625,"caption":"Antique Japan"},"image":{"@id":"https:\/\/antique-japan.com\/#\/schema\/logo\/image\/"}}]}},"_links":{"self":[{"href":"https:\/\/antique-japan.com\/de\/wp-json\/wp\/v2\/product\/2261","targetHints":{"allow":["GET"]}}],"collection":[{"href":"https:\/\/antique-japan.com\/de\/wp-json\/wp\/v2\/product"}],"about":[{"href":"https:\/\/antique-japan.com\/de\/wp-json\/wp\/v2\/types\/product"}],"wp:featuredmedia":[{"embeddable":true,"href":"https:\/\/antique-japan.com\/de\/wp-json\/wp\/v2\/media\/2262"}],"wp:attachment":[{"href":"https:\/\/antique-japan.com\/de\/wp-json\/wp\/v2\/media?parent=2261"}],"wp:term":[{"taxonomy":"product_brand","embeddable":true,"href":"https:\/\/antique-japan.com\/de\/wp-json\/wp\/v2\/product_brand?post=2261"},{"taxonomy":"product_cat","embeddable":true,"href":"https:\/\/antique-japan.com\/de\/wp-json\/wp\/v2\/product_cat?post=2261"},{"taxonomy":"product_tag","embeddable":true,"href":"https:\/\/antique-japan.com\/de\/wp-json\/wp\/v2\/product_tag?post=2261"}],"curies":[{"name":"wp","href":"https:\/\/api.w.org\/{rel}","templated":true}]}}